{"id":1032,"date":"2012-05-06T16:44:00","date_gmt":"2012-05-06T14:44:00","guid":{"rendered":"http:\/\/www.mlv-thannhausen.de\/?page_id=1032"},"modified":"2024-03-28T22:47:44","modified_gmt":"2024-03-28T21:47:44","slug":"verein","status":"publish","type":"page","link":"https:\/\/www.mlv-thannhausen.de\/?page_id=1032","title":{"rendered":"Verein"},"content":{"rendered":"<p style=\"text-align: justify;\">1951 wurde der Mittelschw\u00e4bische Luftsportverein (MLV) gegr\u00fcndet, zun\u00e4chst als Aero-Club Krumbach. Als sich dann aber die Thannhausener Gruppe noch dem Verein anschloss, nannte man sich Mittelschw\u00e4bischer Luftsportverein und kam damit auch dem Einzugsbereich der damals rund 70 Mitglieder nach. Die Bedingungen waren nicht einfach: Automobile waren damals noch eine Seltenheit und damit die Entfernung von Thannhausen nach Krumbach oder nach Kirchheim fast un\u00fcberwindbar. Die Stra\u00dfe nach Kirchheim war damals weder asphaltiert, noch geteert und angesichts der vielen Schlagl\u00f6cher selbst mit dem Auto eine Strapaze. Die Einkommen der Bev\u00f6lkerung waren gering, trotzdem lie\u00dfen sie es sich nicht nehmen den MLV zu gr\u00fcnden. Was zun\u00e4chst mit einem auch f\u00fcr damalige Verh\u00e4ltnisse einfachen Flugzeug begann, einer SG 38 mit Boot, hat sich bis heute zu einem modernen Verein entwickelt, dessen Flugzeugpark auf der H\u00f6he der Zeit ist.<br \/>\nIn drei Abteilung geht man beim MLV seinem Hobby fliegen nach. Begonnen hat es mit dem Segelflug, seit 1953 gibt es die Modellflieger und seit 1963 hat sich die Abteilung Motorflug im Verein gebildet. Aktuell verf\u00fcgt der Verein \u00fcber sechs Segelflugzeuge, ein Ultraleicht (FK9 ELA) und ein Motorflugzeug (Robin DR401 180R), zudem sind weitere private Segel- und Motorflugzeuge, sowie zwei Helikopter, und weitere ULs am Flugplatz stationiert. Von Anfang an hat der Verein seine Piloten f\u00fcr Segel-, Ultraleicht- und Motorflug selbst ausgebildet. Mehrere Segelflug, UL- und Motorfluglehrer k\u00fcmmern sich um den fliegerischen Nachwuchs des Vereins.<\/p>\n","protected":false},"excerpt":{"rendered":"<p>1951 wurde der Mittelschw\u00e4bische Luftsportverein (MLV) gegr\u00fcndet, zun\u00e4chst als Aero-Club Krumbach. Als sich dann aber die Thannhausener Gruppe noch dem Verein anschloss, nannte man sich Mittelschw\u00e4bischer Luftsportverein und kam damit auch dem Einzugsbereich der damals rund 70 Mitglieder nach. Die <a class=\"more-link\" href=\"https:\/\/www.mlv-thannhausen.de\/?page_id=1032\">weiterlesen&#8230;<\/a><\/p>\n","protected":false},"author":312,"featured_media":0,"parent":0,"menu_order":0,"comment_status":"closed","ping_status":"closed","template":"","meta":{"ngg_post_thumbnail":0,"footnotes":""},"class_list":["post-1032","page","type-page","status-publish","hentry"],"_links":{"self":[{"href":"https:\/\/www.mlv-thannhausen.de\/index.php?rest_route=\/wp\/v2\/pages\/1032","targetHints":{"allow":["GET"]}}],"collection":[{"href":"https:\/\/www.mlv-thannhausen.de\/index.php?rest_route=\/wp\/v2\/pages"}],"about":[{"href":"https:\/\/www.mlv-thannhausen.de\/index.php?rest_route=\/wp\/v2\/types\/page"}],"author":[{"embeddable":true,"href":"https:\/\/www.mlv-thannhausen.de\/index.php?rest_route=\/wp\/v2\/users\/312"}],"replies":[{"embeddable":true,"href":"https:\/\/www.mlv-thannhausen.de\/index.php?rest_route=%2Fwp%2Fv2%2Fcomments&post=1032"}],"version-history":[{"count":9,"href":"https:\/\/www.mlv-thannhausen.de\/index.php?rest_route=\/wp\/v2\/pages\/1032\/revisions"}],"predecessor-version":[{"id":12190,"href":"https:\/\/www.mlv-thannhausen.de\/index.php?rest_route=\/wp\/v2\/pages\/1032\/revisions\/12190"}],"wp:attachment":[{"href":"https:\/\/www.mlv-thannhausen.de\/index.php?rest_route=%2Fwp%2Fv2%2Fmedia&parent=1032"}],"curies":[{"name":"wp","href":"https:\/\/api.w.org\/{rel}","templated":true}]}}