{"id":1064,"date":"2012-05-06T18:37:18","date_gmt":"2012-05-06T16:37:18","guid":{"rendered":"http:\/\/www.mlv-thannhausen.de\/?page_id=1064"},"modified":"2023-12-24T11:22:41","modified_gmt":"2023-12-24T10:22:41","slug":"1064-2","status":"publish","type":"page","link":"https:\/\/www.mlv-thannhausen.de\/?page_id=1064","title":{"rendered":"Segelflugschule"},"content":{"rendered":"<p style=\"text-align: justify;\"><a href=\"http:\/\/www.mlv-thannhausen.de\/?page_id=6\">Segelfliegen ist eine faszinierende Sportart<\/a> und seit seiner Gr\u00fcndung bildet der MLV auch Segelflugpiloten aus. Segelfliegen kann beim MLV bereits mit Vollendung des 14. Lebensjahres begonnen werden und ist vor allem f\u00fcr Jugendliche (aber nat\u00fcrlich auch Erwachsene) ein optimaler und g\u00fcnstiger Einstieg in die Fliegerei. Alle weiteren Ausbildungen zum F\u00fchren von Motorsegler, UL oder Motorflugzeug bauen auf der Segelflugausbildung auf und entsprechend werden gro\u00dfe Teile der theoretischen und praktischen Ausbildung daf\u00fcr anerkannt. Auch viele f\u00fcr Sch\u00fcler und Jugendliche wichtige F\u00e4higkeiten werden gef\u00f6rdert, wie Konzentrationsverm\u00f6gen, technisches Verst\u00e4ndnis, Entscheidungskraft, Teamgeist, Disziplin, Verantwortungsbewusstesein und der wertsch\u00e4tzende Umgang mit den Flugzeugen und Fahrzeugen des Vereins.<\/p>\n<h3>Voraussetzungen zum Scheinerwerb<\/h3>\n<ul>\n<li>Mindestalter 14 Jahre bei Beginn der Ausbildung, 16 Jahre bei der Pr\u00fcfung<\/li>\n<li>Flugtauglichkeit Klasse 2 festgestellt von einer flieger\u00e4rztlichen Untersuchungsstelle<\/li>\n<li>Sofortma\u00dfnahmen am Unfallort<\/li>\n<li>Flugausbildung min.&nbsp;15 Stunden, davon min. 10 Stunden mit Lehrer im Doppelsitzer und min. 2 Stunden&nbsp;im Alleinflug. (Dies sind die Minimalwerte, die vom Gesetzgeber vorgeschrieben werden)<\/li>\n<li>50 km Streckenflug<\/li>\n<li>Theorieunterricht und Pr\u00fcfung in den F\u00e4chern\n<ul>\n<li>Luftrecht<\/li>\n<li>Allgemeine Luftfahrzeugkunde<\/li>\n<li>Flugleistung<\/li>\n<li>Flugplanung<\/li>\n<li>Menschliches Leistungsverm\u00f6gen<\/li>\n<li>Meteorologie<\/li>\n<li>Navigation<\/li>\n<li>Betriebliche Verfahren<\/li>\n<li>Grundlagen des Fliegens<\/li>\n<\/ul>\n<\/li>\n<li>Erwerb des Zeugnisses f\u00fcr den Flugfunkdienst (BZF I oder II)<\/li>\n<\/ul>\n<h3><a href=\"http:\/\/www.mlv-thannhausen.de\/wp-content\/uploads\/DSC_0754_thumb.jpg\" rel=\"attachment wp-att-2049\"><img loading=\"lazy\" decoding=\"async\" class=\"aligncenter size-medium wp-image-2049\" src=\"http:\/\/www.mlv-thannhausen.de\/wp-content\/uploads\/DSC_0754_thumb-300x168.jpg\" alt=\"DSC_0754_thumb\" width=\"300\" height=\"168\" srcset=\"https:\/\/www.mlv-thannhausen.de\/wp-content\/uploads\/DSC_0754_thumb-300x168.jpg 300w, https:\/\/www.mlv-thannhausen.de\/wp-content\/uploads\/DSC_0754_thumb-1024x575.jpg 1024w, https:\/\/www.mlv-thannhausen.de\/wp-content\/uploads\/DSC_0754_thumb-900x505.jpg 900w, https:\/\/www.mlv-thannhausen.de\/wp-content\/uploads\/DSC_0754_thumb.jpg 1280w\" sizes=\"auto, (max-width: 300px) 100vw, 300px\" \/><\/a><\/h3>\n<h3>Dauer der Ausbildung<\/h3>\n<p style=\"text-align: justify;\">Wie lange die Ausbildung dauert, h\u00e4ngt von Talent und Auffassungsgabe des Sch\u00fclers, aber auch von der Teilnahme am Flugbetrieb ab. Wer regelm\u00e4\u00dfig am Ausbildungsbetrieb teilnimmt, kann den Schein in rund drei Flugsaisonen erhalten.<\/p>\n<p style=\"text-align: justify;\">Unsere Fluglehrer schulen ehrenamtlich an Wochenenden und Feiertagen. Zudem finden zumeist in den Pfingst- und Sommerferien Fluglager statt, an denen auch unter der Woche geflogen wird.<\/p>\n<p style=\"text-align: justify;\">Das Ausbildungteam des MLV legt viel Wert darauf die Flugsch\u00fcler m\u00f6glichst sicher und gr\u00fcndlich auf ihre praktische Pr\u00fcfung und die sp\u00e4tere fliegerische Laufbahn vorzubereiten. Die gesetzlich geforderten Minimalstunden sind gerade im Vereinsbetrieb meist nicht ausreichend und es werden bis zur Pr\u00fcfung entsprechend mehr Starts und Stunden gemacht.<br \/>\nDer Theorie- und Funksprechunterricht wird zentral organisiert und findet w\u00e4hrend der Winterpause statt.<\/p>\n<h3>Fluglehrer<\/h3>\n<p>Josef Heinle, Ausbildungsleiter<br \/>\nThomas Kraus<br \/>\nChristoph Deuring<br \/>\nRolf Dehne<br \/>\n..<a title=\"Fluglehrer\" href=\"http:\/\/www.mlv-thannhausen.de\/?page_id=206\">mehr Infos<\/a><\/p>\n<h3>Kosten:<\/h3>\n<p style=\"text-align: justify;\">F\u00fcr jugendliche Auszubildende und Studenten kostet die Ausbildung bis zum ersten Alleinflug bzw. l\u00e4ngstens einem Jahr Pauschal 420 \u20ac, f\u00fcr Sch\u00fcler sogar nur 240 \u20ac. Bei Erwachsenen bel\u00e4uft sich die Ausbildungspauschale auf 520 \u20ac. In diesem Betrag sind alle Startgeb\u00fchren f\u00fcr den Windenschleppstart und Fluggeb\u00fchren enthalten.<br \/>\nNach Ende der Ausbildungspauschale wechseln die Flugsch\u00fcler in ein Flatrate-Modell. Die Flat betr\u00e4gt f\u00fcr Erwachsene 70 \u20ac pro Monat und f\u00fcr Sch\u00fcler, Auszubildende und Studenten 55 \u20ac pro Monat. Auch in diesem Betrag sind alle Windenschleppstarts sowie die Fluggeb\u00fchren enthalten. Kostenpflichtig sind nur sofern erforderlich Flugzeugschleppstarts und Start-\/Landegeb\u00fchren auf fremden Flugpl\u00e4tzen.<\/p>\n<p style=\"text-align: justify;\">Sowohl zur Ausbildungspauschale, als auch zur Flatrate kommt noch der Mitgliedsbeitrag f\u00fcr den Gesamtverein hinzu in H\u00f6he von 265 \u20ac pro Jahr ab 21 Jahren bzw. 210 \u20ac f\u00fcr j\u00fcngere Mitglieder, sowie eine einmalige Aufnahmegeb\u00fchr von 360 \u20ac bzw. in H\u00f6he von 240 \u20ac f\u00fcr Sch\u00fcler, Studenten und Auszubildende.<\/p>\n<p style=\"text-align: justify;\">W\u00e4hrend der Ausbildung fallen noch weitere&nbsp;Ausgaben an z. B. f\u00fcr die Ausstellung eines F\u00fchrungszeugnisses, einen Verkehrsregisterauszug, Unkosten des Theorieunterrichts, Literatur, den Besuch beim Fliegerarzt und die Geb\u00fchren der&nbsp;theoretischen und praktischen Pr\u00fcfung.<\/p>\n<h3 style=\"text-align: justify;\">Interesse?<\/h3>\n<p style=\"text-align: justify;\">Wenn Sie Interesse an einer Segelflugausbildung haben und Mitglied in unserem Flugverein werden m\u00f6chten, wenden Sie sich bitte an Segelflug Abteilungsleiter und Fluglehrer&nbsp;<a href=\"mailto:thomas@mlv-thannhausen.de\">Thomas Kraus<\/a> oder schauen Sie am Wochenende oder Feiertags bei uns am Flugplatz vorbei. Wir erkl\u00e4ren Ihnen gerne die Vorz\u00fcge unserer Vereinsausbildung, unseren wundersch\u00f6n gelegenen Flugplatz, unseren Flugzeugpark, den Gesamtumfang der Ausbildung und der Kosten. Auch Mitfl\u00fcge in unseren Doppelsitzern sind zum hineinschuppern ganz spontan m\u00f6glich. Wir freuen uns auf Sie!<\/p>\n<p style=\"text-align: justify;\">Empfehlenswert zum Hineinschnuppern in den Flugsport ist auch unser j\u00e4hrliches Schnupperfliegen im Mai\/Juni. Mehr Infos dazu finden sich in den News der Homepage sp\u00e4testens ab Mitte&nbsp;April.<\/p>\n","protected":false},"excerpt":{"rendered":"<p>Segelfliegen ist eine faszinierende Sportart und seit seiner Gr\u00fcndung bildet der MLV auch Segelflugpiloten aus. Segelfliegen kann beim MLV bereits mit Vollendung des 14. Lebensjahres begonnen werden und ist vor allem f\u00fcr Jugendliche (aber nat\u00fcrlich auch Erwachsene) ein optimaler und <a class=\"more-link\" href=\"https:\/\/www.mlv-thannhausen.de\/?page_id=1064\">weiterlesen&#8230;<\/a><\/p>\n","protected":false},"author":312,"featured_media":0,"parent":16,"menu_order":0,"comment_status":"closed","ping_status":"closed","template":"","meta":{"ngg_post_thumbnail":0,"footnotes":""},"class_list":["post-1064","page","type-page","status-publish","hentry"],"_links":{"self":[{"href":"https:\/\/www.mlv-thannhausen.de\/index.php?rest_route=\/wp\/v2\/pages\/1064","targetHints":{"allow":["GET"]}}],"collection":[{"href":"https:\/\/www.mlv-thannhausen.de\/index.php?rest_route=\/wp\/v2\/pages"}],"about":[{"href":"https:\/\/www.mlv-thannhausen.de\/index.php?rest_route=\/wp\/v2\/types\/page"}],"author":[{"embeddable":true,"href":"https:\/\/www.mlv-thannhausen.de\/index.php?rest_route=\/wp\/v2\/users\/312"}],"replies":[{"embeddable":true,"href":"https:\/\/www.mlv-thannhausen.de\/index.php?rest_route=%2Fwp%2Fv2%2Fcomments&post=1064"}],"version-history":[{"count":41,"href":"https:\/\/www.mlv-thannhausen.de\/index.php?rest_route=\/wp\/v2\/pages\/1064\/revisions"}],"predecessor-version":[{"id":12161,"href":"https:\/\/www.mlv-thannhausen.de\/index.php?rest_route=\/wp\/v2\/pages\/1064\/revisions\/12161"}],"up":[{"embeddable":true,"href":"https:\/\/www.mlv-thannhausen.de\/index.php?rest_route=\/wp\/v2\/pages\/16"}],"wp:attachment":[{"href":"https:\/\/www.mlv-thannhausen.de\/index.php?rest_route=%2Fwp%2Fv2%2Fmedia&parent=1064"}],"curies":[{"name":"wp","href":"https:\/\/api.w.org\/{rel}","templated":true}]}}