{"id":16,"date":"2009-08-20T13:59:20","date_gmt":"2009-08-20T11:59:20","guid":{"rendered":"http:\/\/www.mlv-thannhausen.de\/?page_id=16"},"modified":"2022-09-20T23:48:41","modified_gmt":"2022-09-20T21:48:41","slug":"flugausbildung","status":"publish","type":"page","link":"https:\/\/www.mlv-thannhausen.de\/?page_id=16","title":{"rendered":"Flugausbildung"},"content":{"rendered":"<p style=\"text-align: justify;\">Der MLV bildet seit seiner Gr\u00fcndung Piloten aus. Anfang 2015 wurde die Flugausbildung durch die EU neu geregelt und muss nun in Deutschland \u00fcber eine ATO (Approved Training Organization) erfolgen. Der Luftsport-Verband Bayern wurde hierzu als&nbsp; eine solche ATO von den bayerischen Luftfahrtbeh\u00f6rden zertifiziert, der MLV ist als Mitgliedsverein eine Au\u00dfenstelle bzw. Ausbildungseinrichtung. Der national geregelte Ultraleicht-Flug ist hiervon nicht betroffen.<\/p>\n<p>Zurzeit bietet der MLV folgende Ausbildungsarten an:<\/p>\n<ul>\n<li>Segelflug: SPL<\/li>\n<li>Motorflug: LAPL(A), PPL(A) (in Kooperation mit dem Augsburger Verein f\u00fcr Segelflug)<\/li>\n<li>Ultraleichtflug: Drei-Achs UL<\/li>\n<\/ul>\n<p style=\"text-align: justify;\">Auf den folgenden Seiten sind Informationen zur Ausbildung, unserem <a href=\"http:\/\/www.mlv-thannhausen.de\/?page_id=206\">Ausbildungsteam<\/a> und den umliegenden <a href=\"http:\/\/www.mlv-thannhausen.de\/?page_id=465\">Flieger\u00e4rzten<\/a> aufgelistet:<\/p>\n<p>&nbsp;<\/p>\n<div id=\"attachment_2140\" style=\"width: 310px\" class=\"wp-caption aligncenter\"><a href=\"http:\/\/www.mlv-thannhausen.de\/?page_id=1064\" rel=\"attachment wp-att-2140\"><img loading=\"lazy\" decoding=\"async\" aria-describedby=\"caption-attachment-2140\" class=\"wp-image-2140 size-medium\" src=\"https:\/\/www.mlv-thannhausen.de\/wp-content\/uploads\/ngg_featured\/img_6399_thumb-300x199.jpg\" alt=\"Segelflug\" width=\"300\" height=\"199\" srcset=\"https:\/\/www.mlv-thannhausen.de\/wp-content\/uploads\/ngg_featured\/img_6399_thumb-300x199.jpg 300w, https:\/\/www.mlv-thannhausen.de\/wp-content\/uploads\/ngg_featured\/img_6399_thumb-1024x682.jpg 1024w, https:\/\/www.mlv-thannhausen.de\/wp-content\/uploads\/ngg_featured\/img_6399_thumb-900x599.jpg 900w, https:\/\/www.mlv-thannhausen.de\/wp-content\/uploads\/ngg_featured\/img_6399_thumb.jpg 1820w\" sizes=\"auto, (max-width: 300px) 100vw, 300px\" \/><\/a><p id=\"caption-attachment-2140\" class=\"wp-caption-text\">Segelflug<\/p><\/div>\n<p>&nbsp;<\/p>\n<div id=\"attachment_4720\" style=\"width: 310px\" class=\"wp-caption aligncenter\"><a href=\"https:\/\/www.mlv-thannhausen.de\/?page_id=1046\" rel=\"attachment wp-att-4720\"><img loading=\"lazy\" decoding=\"async\" aria-describedby=\"caption-attachment-4720\" class=\"aligncenter wp-image-9939 size-medium\" src=\"https:\/\/www.mlv-thannhausen.de\/wp-content\/uploads\/D-EMLV.jpg\" alt=\"Motorsegler- und Motorflug\" width=\"300\" height=\"202\"><\/a><p id=\"caption-attachment-4720\" class=\"wp-caption-text\">Motorflug<\/p><\/div>\n<p>&nbsp;<\/p>\n<div id=\"attachment_4720\" style=\"width: 310px\" class=\"wp-caption aligncenter\"><a href=\"http:\/\/www.mlv-thannhausen.de\/?page_id=8533\" rel=\"attachment wp-att-4720\"><img loading=\"lazy\" decoding=\"async\" aria-describedby=\"caption-attachment-4720\" class=\"aligncenter wp-image-4720 size-medium\" src=\"http:\/\/www.mlv-thannhausen.de\/wp-content\/uploads\/FI-6-300x169.jpg\" alt=\"UL\" width=\"300\" height=\"169\" srcset=\"https:\/\/www.mlv-thannhausen.de\/wp-content\/uploads\/FI-6-300x169.jpg 300w, https:\/\/www.mlv-thannhausen.de\/wp-content\/uploads\/FI-6-1024x576.jpg 1024w, https:\/\/www.mlv-thannhausen.de\/wp-content\/uploads\/FI-6-900x506.jpg 900w\" sizes=\"auto, (max-width: 300px) 100vw, 300px\" \/><\/a><p id=\"caption-attachment-4720\" class=\"wp-caption-text\">Ultraleichtflug<\/p><\/div>\n<p>&nbsp;<\/p>\n<hr>\n<h2>&nbsp;<\/h2>\n<h2>Hilfe was ist das Richtige f\u00fcr mich?<\/h2>\n<p style=\"text-align: justify;\">F\u00fcr viele Interessenten am Luftsport ist es nicht leicht sich im Dschungel der verschiedenen Pilotenscheine und Luftfahrzeugarten zurecht zu finden. Hierbei helfen unsere Ausbildungsleiter, Fluglehrer oder Vorst\u00e4nde gerne weiter. Insbesondere k\u00fcmmert sich Thomas Kraus als Ansprechpartner um den Einstieg in die Fliegerei und die dazu geh\u00f6renden Fragen: <a href=\"mailto:thomas@mlv-thannhausen.de\">thomas@mlv-thannhausen.de<\/a><\/p>\n","protected":false},"excerpt":{"rendered":"<p>Der MLV bildet seit seiner Gr\u00fcndung Piloten aus. Anfang 2015 wurde die Flugausbildung durch die EU neu geregelt und muss nun in Deutschland \u00fcber eine ATO (Approved Training Organization) erfolgen. Der Luftsport-Verband Bayern wurde hierzu als&nbsp; eine solche ATO von <a class=\"more-link\" href=\"https:\/\/www.mlv-thannhausen.de\/?page_id=16\">weiterlesen&#8230;<\/a><\/p>\n","protected":false},"author":94,"featured_media":0,"parent":0,"menu_order":0,"comment_status":"closed","ping_status":"closed","template":"","meta":{"ngg_post_thumbnail":0,"footnotes":""},"class_list":["post-16","page","type-page","status-publish","hentry"],"_links":{"self":[{"href":"https:\/\/www.mlv-thannhausen.de\/index.php?rest_route=\/wp\/v2\/pages\/16","targetHints":{"allow":["GET"]}}],"collection":[{"href":"https:\/\/www.mlv-thannhausen.de\/index.php?rest_route=\/wp\/v2\/pages"}],"about":[{"href":"https:\/\/www.mlv-thannhausen.de\/index.php?rest_route=\/wp\/v2\/types\/page"}],"author":[{"embeddable":true,"href":"https:\/\/www.mlv-thannhausen.de\/index.php?rest_route=\/wp\/v2\/users\/94"}],"replies":[{"embeddable":true,"href":"https:\/\/www.mlv-thannhausen.de\/index.php?rest_route=%2Fwp%2Fv2%2Fcomments&post=16"}],"version-history":[{"count":42,"href":"https:\/\/www.mlv-thannhausen.de\/index.php?rest_route=\/wp\/v2\/pages\/16\/revisions"}],"predecessor-version":[{"id":11808,"href":"https:\/\/www.mlv-thannhausen.de\/index.php?rest_route=\/wp\/v2\/pages\/16\/revisions\/11808"}],"wp:attachment":[{"href":"https:\/\/www.mlv-thannhausen.de\/index.php?rest_route=%2Fwp%2Fv2%2Fmedia&parent=16"}],"curies":[{"name":"wp","href":"https:\/\/api.w.org\/{rel}","templated":true}]}}