{"id":206,"date":"2010-02-16T20:56:19","date_gmt":"2010-02-16T18:56:19","guid":{"rendered":"http:\/\/www.mlv-thannhausen.de\/?page_id=206"},"modified":"2025-05-30T21:16:37","modified_gmt":"2025-05-30T19:16:37","slug":"fluglehrer","status":"publish","type":"page","link":"https:\/\/www.mlv-thannhausen.de\/?page_id=206","title":{"rendered":"Fluglehrer"},"content":{"rendered":"\n<p><strong>Beppo Heinle (Ausbildungsleiter Segelflug, Fluglehrer Segelflug und Motorsegelflug)<\/strong><br>Er hat als Flugsch\u00fcler bei Hans Endris (seit 2014 im fliegerischen Ruhestand) angefangen und hat sich auch stundenlang in der Luft aufgehalten (fliegend). Es lag daher nahe ihn zum Fluglehrer Lehrgang zu schicken. Er engagiert sich bereits seit mehreren Jahren als Ausbildungleiter Segelflug und darf Segelflieger zum Motorseglerpiloten ausbilden.<\/p>\n\n\n<div class=\"wp-block-image is-style-default\">\n<figure class=\"aligncenter size-medium\"><a href=\"https:\/\/www.mlv-thannhausen.de\/wp-content\/uploads\/Flugplatz-035-verkl1.jpg\"><img loading=\"lazy\" decoding=\"async\" width=\"274\" height=\"300\" src=\"https:\/\/www.mlv-thannhausen.de\/wp-content\/uploads\/Flugplatz-035-verkl1-274x300.jpg\" alt=\"\" class=\"wp-image-6697\" srcset=\"https:\/\/www.mlv-thannhausen.de\/wp-content\/uploads\/Flugplatz-035-verkl1-274x300.jpg 274w, https:\/\/www.mlv-thannhausen.de\/wp-content\/uploads\/Flugplatz-035-verkl1.jpg 672w\" sizes=\"auto, (max-width: 274px) 100vw, 274px\" \/><\/a><\/figure>\n<\/div>\n\n\n<p><strong>Thomas Kraus (Fluglehrer Segelflug)<br><\/strong>Thommy hat 2015 den Fluglehrerlehrgang abgeschlossen und &nbsp;ist seit dem Segelfluglehrer im Ausbildungsteam des MLV (<a href=\"http:\/\/www.mlv-thannhausen.de\/?p=4771\" target=\"_blank\" rel=\"noopener\">hier geht es zu seinem Blog zum Fluglehrerlehrgang<\/a>). \u00dcber ein Schulprojekt des Krumbacher Gymnasiums zum Thema &#8222;Fliegen&#8220; fand er 2003 den Weg zum MLV. Dort konnte er bis zum ersten Alleinflug bei den Segelfliegern mitschnuppern. Der Flugvirus packte ihn und so f\u00fchrte er nach Ende der Schulveranstaltung die Ausbildung zum Segelflugzeugf\u00fchrer fort. Den Gro\u00dfteil seiner Freizeit verbringt der Physiker immer noch am Flugplatz. Seit einigen Jahren ist er bereits als Abteilungsleiter der Segelflieger und k\u00fcmmert in dieser Funktion auch um einen kontinuierlichen Pilotennachwuchs durch die Organisation von Schnupperfliegen, Kinderferienprogramm oder vereinsinterne Streckenflug-Wettbewerbe.<\/p>\n\n\n<div class=\"wp-block-image\">\n<figure class=\"aligncenter size-medium\"><a href=\"https:\/\/www.mlv-thannhausen.de\/wp-content\/uploads\/TK-FI-1.jpg\"><img loading=\"lazy\" decoding=\"async\" width=\"300\" height=\"238\" src=\"https:\/\/www.mlv-thannhausen.de\/wp-content\/uploads\/TK-FI-1-300x238.jpg\" alt=\"\" class=\"wp-image-8787\" srcset=\"https:\/\/www.mlv-thannhausen.de\/wp-content\/uploads\/TK-FI-1-300x238.jpg 300w, https:\/\/www.mlv-thannhausen.de\/wp-content\/uploads\/TK-FI-1-768x608.jpg 768w, https:\/\/www.mlv-thannhausen.de\/wp-content\/uploads\/TK-FI-1-1024x811.jpg 1024w, https:\/\/www.mlv-thannhausen.de\/wp-content\/uploads\/TK-FI-1.jpg 1792w\" sizes=\"auto, (max-width: 300px) 100vw, 300px\" \/><\/a><\/figure>\n<\/div>\n\n\n<p><strong>Christoph Deuring (Fluglehrer Segelflug)<\/strong><br>2005 begann Christoph die Segelflugausbildung in Thannhausen und ist seit mehreren Jahren Jugendleiter des MLV. Bei zwei LIMA Lehrg\u00e4ngen verfeinerte der Polizist und ehrenamtliche Rettungssanit\u00e4ter sein Wissen \u00fcber den Leistungs- und Streckensegelflug, aber ein gutes H\u00e4ndchen f\u00fcr Thermik hatte Christoph schon von Anfang an. Dazu ist er seit einigen Jahren auch im Segelkunstflug aktiv. Ein Jahr nach Thomas machte sich auch Christoph zum LVB Fluglehrer-Lehrgang auf und ist nun seit 2016 Fluglehrer beim MLV. Seit 2017 ist Christoph auch in der bayrischen Luftsportjugend ehrenamtlich als Bezirksjugendleiter von Schwaben aktiv.<\/p>\n\n\n<div class=\"wp-block-image\">\n<figure class=\"aligncenter size-medium\"><a href=\"https:\/\/www.mlv-thannhausen.de\/wp-content\/uploads\/2013-09-07_15-47-52_231.jpg\"><img loading=\"lazy\" decoding=\"async\" width=\"300\" height=\"273\" src=\"https:\/\/www.mlv-thannhausen.de\/wp-content\/uploads\/2013-09-07_15-47-52_231-300x273.jpg\" alt=\"\" class=\"wp-image-8521\" srcset=\"https:\/\/www.mlv-thannhausen.de\/wp-content\/uploads\/2013-09-07_15-47-52_231-300x273.jpg 300w, https:\/\/www.mlv-thannhausen.de\/wp-content\/uploads\/2013-09-07_15-47-52_231-768x698.jpg 768w, https:\/\/www.mlv-thannhausen.de\/wp-content\/uploads\/2013-09-07_15-47-52_231-1024x931.jpg 1024w, https:\/\/www.mlv-thannhausen.de\/wp-content\/uploads\/2013-09-07_15-47-52_231.jpg 1988w\" sizes=\"auto, (max-width: 300px) 100vw, 300px\" \/><\/a><\/figure>\n<\/div>\n\n\n<p><strong>Rolf Dehne (Fluglehrer Segelflug und Motorsegelflug)<\/strong><br>Seit 2023 unterst\u00fctzt uns Rolf als erfahrener Segelfluglehrer. Nach seinem Umzug nach Schwaben ist er als Zweitmitglied beim MLV engagiert, aber auch noch regelm\u00e4\u00dfig in Bad Gendersheim aktiv.<\/p>\n\n\n\n<p><\/p>\n\n\n\n<p><strong>Volker Bscher (Ausbildungsleiter Motorflug, Fluglehrer Motorsegelflug, Motorflug)<br><\/strong>In seiner Freizeit k\u00fcmmert sich Volker Bscher um den motorfliegerischen Nachwuchs in Thannhausen und Augsburg. Er ist Motorfluglehrer und Ausbildungsleiter im Mittelschw\u00e4bischen Luftsportverein, Augsburger Verein f\u00fcr Segelflug, sowie der MBB-SG Flugsportgruppe Augsburg f\u00fcr PPL-A und TMG. Daneben f\u00fchrt er auch als erfahrener Berufspiloten Firmen- und Charterfl\u00fcge auf den Flugzeugmustern Beech 300\/350 oder MEPs wie z. B. Seneca PA 34 durch.<\/p>\n\n\n<div class=\"wp-block-image\">\n<figure class=\"aligncenter size-medium\"><a href=\"http:\/\/www.mlv-thannhausen.de\/wp-content\/uploads\/volker.jpg\"><img loading=\"lazy\" decoding=\"async\" width=\"229\" height=\"300\" src=\"https:\/\/www.mlv-thannhausen.de\/wp-content\/uploads\/volker-229x300.jpg\" alt=\"volker\" class=\"wp-image-1780\" srcset=\"https:\/\/www.mlv-thannhausen.de\/wp-content\/uploads\/volker-229x300.jpg 229w, https:\/\/www.mlv-thannhausen.de\/wp-content\/uploads\/volker-783x1024.jpg 783w, https:\/\/www.mlv-thannhausen.de\/wp-content\/uploads\/volker.jpg 1280w\" sizes=\"auto, (max-width: 229px) 100vw, 229px\" \/><\/a><\/figure>\n<\/div>\n\n\n<p class=\"has-text-align-left\"><strong>Philipp K\u00f6nig (Fluglehrer LAPL(A))<\/strong><br>Philipps fliegerische Laufbahn begann 2017 mit einem einw\u00f6chigen Segelflugkurs der Bundeswehr auf der Wasserkuppe. Ein kurz darauf stattfindender Schnupperflugtag in Thannhausen bot die ideale Gelegenheit, ihn f\u00fcr den MLV zu begeistern \u2013 mit Erfolg!<br>Unmittelbar danach begann Philipp seine Ausbildung auf dem Motorsegler und erwarb bereits im folgenden Jahr die Lizenz LAPL-TMG. Nur wenige Wochen sp\u00e4ter bestand er auch die Pr\u00fcfung f\u00fcr Motorflugzeuge und erhielt die LAPL-A-Lizenz. Sein Engagement zeigte sich auch hier schon, denn es folgten drei Jahre in denen er als Abteilungsleiter Motorflug verantwortung \u00fcbernommen hat. Seit 2022 ist Philipp als 1. Vorstand des Vereins t\u00e4tig. Um seine Fluglehrerberechtigung zu erlangen, erweiterte er 2023 seine Lizenz auf PPL-A und nahm erfolgreich am Fluglehrerlehrgang teil. Seit 2024 bildet er nun engagiert Motorflugsch\u00fcler f\u00fcr den MLV aus.<br>Auch beruflich hat es ihm die Fliegerei angetan, bei der Bundeswehr sorgt er als Fluglotse f\u00fcr Sicherheit im Flugverkehr.<\/p>\n\n\n<div class=\"wp-block-image\">\n<figure class=\"aligncenter size-medium\"><a href=\"https:\/\/www.mlv-thannhausen.de\/wp-content\/uploads\/Philipp-1.jpg\"><img loading=\"lazy\" decoding=\"async\" width=\"294\" height=\"300\" src=\"https:\/\/www.mlv-thannhausen.de\/wp-content\/uploads\/Philipp-1-294x300.jpg\" alt=\"\" class=\"wp-image-12553\" srcset=\"https:\/\/www.mlv-thannhausen.de\/wp-content\/uploads\/Philipp-1-294x300.jpg 294w, https:\/\/www.mlv-thannhausen.de\/wp-content\/uploads\/Philipp-1-1003x1024.jpg 1003w, https:\/\/www.mlv-thannhausen.de\/wp-content\/uploads\/Philipp-1-768x784.jpg 768w, https:\/\/www.mlv-thannhausen.de\/wp-content\/uploads\/Philipp-1-1505x1536.jpg 1505w, https:\/\/www.mlv-thannhausen.de\/wp-content\/uploads\/Philipp-1-2006x2048.jpg 2006w\" sizes=\"auto, (max-width: 294px) 100vw, 294px\" \/><\/a><\/figure>\n<\/div>\n\n\n<p><strong>Roland Mendle (Ausbildungsleiter UL, Fluglehrer UL und LAPL(A))<\/strong><br>1978 begann Roland bei der Segelfluggruppe Stra\u00df mit einer Segelflugausbildung, mittlerweile sind noch einige andere Lizenzen und Berechtigungen hinzugekommen: PPL(A), SPL, TMG, UL, UL Segelflug, Gleitschirm,&nbsp; F-Schlepp mit UL und PPL(A) und UL Bannerschlepp, f\u00fcr LAPL(A) und UL besitzt er au\u00dferdem die Lehrberechtigung. Neben der Fliegergruppe Giengen ist er auch beim MLV aktiv und bei uns als UL-Ausbildungsleiter t\u00e4tig.<\/p>\n\n\n<div class=\"wp-block-image\">\n<figure class=\"aligncenter size-medium\"><a href=\"https:\/\/www.mlv-thannhausen.de\/wp-content\/uploads\/FI-6.jpg\"><img loading=\"lazy\" decoding=\"async\" width=\"300\" height=\"169\" src=\"https:\/\/www.mlv-thannhausen.de\/wp-content\/uploads\/FI-6-300x169.jpg\" alt=\"\" class=\"wp-image-4720\" srcset=\"https:\/\/www.mlv-thannhausen.de\/wp-content\/uploads\/FI-6-300x169.jpg 300w, https:\/\/www.mlv-thannhausen.de\/wp-content\/uploads\/FI-6-1024x576.jpg 1024w, https:\/\/www.mlv-thannhausen.de\/wp-content\/uploads\/FI-6-900x506.jpg 900w\" sizes=\"auto, (max-width: 300px) 100vw, 300px\" \/><\/a><\/figure>\n<\/div>\n\n\n<p><strong>Andreas Schmidt (Fluglehrer UL)<\/strong><br>Andreas ist seit 2007 aktives Mitglied beim MLV und begann damals nach vielen Jahren als aktiver Gleitschirmflieger seine Motorflugausbildung auf dem Vereinsmotorsegler G109b. Mittlerweile fliegt der passionierte Pilot die verschiedensten Muster, von Cessna 172 bis zur YAK-52. Nachdem der MLV mit der FK9ELA auch ein sehr interessantes UL zur Verf\u00fcgung hatte, legte er die Ausbildung zum Luftsportger\u00e4tef\u00fchrer 2014 ab und sammelte seitdem viele Flugstunden auf der FK9. Er engagierte sich w\u00e4hrend dieser Zeit auch mehrere Jahre sehr erfolgreich im Vorstand als Abteilungsleiter Motorflug, 2. Vorstand und Schatzmeister, bevor er sich dann zum Ende seiner Amtszeit 2016 neuen Zielen widmete: Nach bestandenem UL-Fluglehrerlehrgang ist er nun als UL-Lehrer beim MLV aktiv und m\u00f6chte zusammen mit unserem Ausbildungsleiter Roland Mendle die UL Fliegerei im Verein bei der theoretischen und praktischen Ausbildung weiter voranbringen.<\/p>\n\n\n<div class=\"wp-block-image\">\n<figure class=\"aligncenter size-medium\"><a href=\"https:\/\/www.mlv-thannhausen.de\/wp-content\/uploads\/Andi.jpg\"><img loading=\"lazy\" decoding=\"async\" width=\"249\" height=\"300\" src=\"https:\/\/www.mlv-thannhausen.de\/wp-content\/uploads\/Andi-249x300.jpg\" alt=\"\" class=\"wp-image-8785\" srcset=\"https:\/\/www.mlv-thannhausen.de\/wp-content\/uploads\/Andi-249x300.jpg 249w, https:\/\/www.mlv-thannhausen.de\/wp-content\/uploads\/Andi-768x924.jpg 768w, https:\/\/www.mlv-thannhausen.de\/wp-content\/uploads\/Andi-851x1024.jpg 851w, https:\/\/www.mlv-thannhausen.de\/wp-content\/uploads\/Andi.jpg 1026w\" sizes=\"auto, (max-width: 249px) 100vw, 249px\" \/><\/a><\/figure>\n<\/div>","protected":false},"excerpt":{"rendered":"<p>Beppo Heinle (Ausbildungsleiter Segelflug, Fluglehrer Segelflug und Motorsegelflug)Er hat als Flugsch\u00fcler bei Hans Endris (seit 2014 im fliegerischen Ruhestand) angefangen und hat sich auch stundenlang in der Luft aufgehalten (fliegend). Es lag daher nahe ihn zum Fluglehrer Lehrgang zu schicken. <a class=\"more-link\" href=\"https:\/\/www.mlv-thannhausen.de\/?page_id=206\">weiterlesen&#8230;<\/a><\/p>\n","protected":false},"author":312,"featured_media":0,"parent":16,"menu_order":0,"comment_status":"closed","ping_status":"closed","template":"","meta":{"ngg_post_thumbnail":0,"footnotes":""},"class_list":["post-206","page","type-page","status-publish","hentry"],"_links":{"self":[{"href":"https:\/\/www.mlv-thannhausen.de\/index.php?rest_route=\/wp\/v2\/pages\/206","targetHints":{"allow":["GET"]}}],"collection":[{"href":"https:\/\/www.mlv-thannhausen.de\/index.php?rest_route=\/wp\/v2\/pages"}],"about":[{"href":"https:\/\/www.mlv-thannhausen.de\/index.php?rest_route=\/wp\/v2\/types\/page"}],"author":[{"embeddable":true,"href":"https:\/\/www.mlv-thannhausen.de\/index.php?rest_route=\/wp\/v2\/users\/312"}],"replies":[{"embeddable":true,"href":"https:\/\/www.mlv-thannhausen.de\/index.php?rest_route=%2Fwp%2Fv2%2Fcomments&post=206"}],"version-history":[{"count":70,"href":"https:\/\/www.mlv-thannhausen.de\/index.php?rest_route=\/wp\/v2\/pages\/206\/revisions"}],"predecessor-version":[{"id":12559,"href":"https:\/\/www.mlv-thannhausen.de\/index.php?rest_route=\/wp\/v2\/pages\/206\/revisions\/12559"}],"up":[{"embeddable":true,"href":"https:\/\/www.mlv-thannhausen.de\/index.php?rest_route=\/wp\/v2\/pages\/16"}],"wp:attachment":[{"href":"https:\/\/www.mlv-thannhausen.de\/index.php?rest_route=%2Fwp%2Fv2%2Fmedia&parent=206"}],"curies":[{"name":"wp","href":"https:\/\/api.w.org\/{rel}","templated":true}]}}