{"id":465,"date":"2010-08-26T16:35:25","date_gmt":"2010-08-26T14:35:25","guid":{"rendered":"http:\/\/www.mlv-thannhausen.de\/?page_id=465"},"modified":"2025-06-25T21:51:50","modified_gmt":"2025-06-25T19:51:50","slug":"fliegerarztliche-untersuchungsstellen","status":"publish","type":"page","link":"https:\/\/www.mlv-thannhausen.de\/?page_id=465","title":{"rendered":"Fliegeraerztliche Untersuchungsstellen"},"content":{"rendered":"<p>Sowohl zur Flugausbildung, als auch als Pilot muss ein g\u00fcltiges flieger\u00e4rztliches Tauglichkeitszeugnis, das sogenannte Medical vorliegen. In der n\u00e4heren Umgebung des Flugplatzes k\u00f6nnen wir dazu folgende Flieger\u00e4rzte empfehlen:<\/p>\n<ul>\n<li><a href=\"http:\/\/www.dr-amling.com\/\" target=\"_blank\" rel=\"noopener noreferrer\">Dr. med. Dagmar Amling<\/a>, Augsburg und Aichach, 08251 204 460, <a href=\"mailto:dr-amling@t-online.de\" target=\"_blank\" rel=\"noopener noreferrer\">dr-amling@t-online.de<\/a><\/li>\n<li><a href=\"http:\/\/praxis-am-stadthof.de\/\" target=\"_blank\" rel=\"noopener\">Dr. med. Mathias D\u00f6bler<\/a>, Donauw\u00f6rth, 0906 59 85, <a href=\"mailto:info@praxis-am-stadthof.de\">info@praxis-am-stadthof.de<\/a><\/li>\n<li><a href=\"http:\/\/www.rudolf-fischl.de\" target=\"_blank\" rel=\"noopener noreferrer\">Flieger\u00e4rztliche Untersuchungstelle M\u00fcnchen Zentrum<\/a>&nbsp; 089 59 69 14&nbsp;<\/li>\n<li><a href=\"https:\/\/www.fliegerarztpraxis.de\" target=\"_blank\" rel=\"noopener noreferrer\">Fliegerarzt Praxis Dr. med. Michael Hinz<\/a>, M\u00fcnchen, 089 714 77 39, <a href=\"mailto:info@fliegerarztpraxis.de\">info@fliegerarztpraxis.de<\/a>&nbsp;<\/li>\n<li><a href=\"https:\/\/www.hausarztpraxis-einsingen.de\/\">Dr. Birkel<\/a>, Ulm-Einsingen, 07305 72 92<\/li>\n<li><a href=\"https:\/\/www.fuenftaelerpraxis.de\/igel-leistungen\/flugmedizinische-untersuchung\/\" target=\"_blank\" rel=\"noopener\">Dr. med. Axel Beck<\/a>, Geislingen an der Steige,&nbsp; 07331 986 841-0, <a href=\"mailto:info@fuenftaelerpraxis.de\">info@fuenftaelerpraxis.de<\/a><\/li>\n<\/ul>\n<p>Eine komplette Liste aller Flieger\u00e4rzte in Deutschland stellt das Luftfahrtbundesamt zur Verf\u00fcgung unter:<br><a class=\"external\" href=\"http:\/\/www2.lba.de\/webdb\/showtab.jsp?table=flareg\" target=\"_blank\" rel=\"noopener noreferrer\">Liste der flugmedizinischen Sachverst\u00e4ndigen (<abbr title=\"Authorised Medical Examiners\">AME<\/abbr>)<\/a><\/p>\n\n\n<p>Tipps zum Medical:<\/p>\n\n\n\n<ul class=\"wp-block-list\">\n<li>F\u00fcr Privatpiloten ist ein Medical Klasse 2 bzw. ein LAPL-Medical (f\u00fcr UL, SPL und LAPL(A)) ausreichend.<\/li>\n\n\n\n<li>Bei einer Segelflugausbildung (SPL) ist ein LAPL-Medical sp\u00e4testens zum 1. Alleinflug n\u00f6tig. Bei einer Motorflugausbildung muss das Medical zum Ausbildungsbeginn vorliegen.<\/li>\n\n\n\n<li>K\u00fcmmere dich rechtzeitig um einen Termin, insbesondere bei der Verl\u00e4ngerung des Medicals. Die Untersuchung zur Verl\u00e4ngerung kann 45 Tage vor dem Ablaufdatum erfolgen, trotzdem verl\u00e4ngert sich dann das Medical zum Ablaufdatum um die volle, neue G\u00fcltigkeitsdauer.<\/li>\n\n\n\n<li>Die Kosten variieren je nach Fliegerarzt und liegen grob um die 150 Euro.  Flugmedizinische Leistungen werden analog GO\u00c4 (Geb\u00fchrenordnung f\u00fcr \u00c4rzte) abgerechnet, d.h. Alter, notwendige Zusatzuntersuchungen etc. haben ggf. Einfluss auf die Kosten. Manche Flieger\u00e4rzte sind preiswerter, einige wenige leider auch deutlich teurer. Frage also am besten vorher nach. Bei Dr. Hinz gibt es beispielsweise einen attraktiven Rabatt f\u00fcr Sch\u00fcler.<\/li>\n\n\n\n<li>Einige Krankenkassen, wie z.B. die Techniker Krankenkasse, erstatten einen Teil der Kosten als sportmedizinische Untersuchung. Ggf. muss der Fliegerarzt dazu als Sportmediziner bei der Krankenkasse registriert sein.<\/li>\n\n\n\n<li>Bei der Erstuntersuchung sind ggf. Voruntersuchungen oder Dokumente notwendig. In der Regel ist ein Attest vom Augenarzt n\u00f6tig. Einige Flieger\u00e4rzte m\u00f6chten zus\u00e4tzlich auch ein Attest durch einen HNO haben (z.B. Dr. Leuchtgens), bei anderen Flieger\u00e4rzten ist das nicht n\u00f6tig oder nur falls relevante Vorerkrankungen bekannt sind. F\u00fcr solche Atteste k\u00f6nnen je nach Arzt nochmal Kosten hinzu kommen. (Gr\u00f6\u00dfenordnung 80 bis 150 \u20ac)<br>Dein Fliegerarzt sagt dir bei der Terminvereinbarung was er an Voruntersuchungen haben m\u00f6chte.<\/li>\n\n\n\n<li>Bis zu einem Alter von 40 Jahren muss das Medical alle 5 Jahre verl\u00e4ngert werden, danach alle 2 Jahre und ab einem Alter von 50 Jahren jedes Jahr. Bei LAPL-Medicals (ausreichend f\u00fcr SPL und LAPL Lizenzen)  ist auch ab 50 nur alle 2 Jahre der Gang zum Fliegerarzt vorgeschrieben.<\/li>\n\n\n\n<li>Die flieger\u00e4rztliche Tauglichkeit kann eingeschr\u00e4nkt sein z.B. bei einem chirurgischen Eingriff, Einnahme von Medikamenten oder bei Krankheiten. Konsultiert in diesem Fall unbedingt euren Flieger\u00e4rzt\/-\u00e4rztin.<\/li>\n\n\n\n<li>Die Fluglehrer des MLV k\u00f6nnen Euch ggf. weitere Fragen beantworten.<\/li>\n<\/ul>\n\n\n\n<p><\/p>\n","protected":false},"excerpt":{"rendered":"<p>Sowohl zur Flugausbildung, als auch als Pilot muss ein g\u00fcltiges flieger\u00e4rztliches Tauglichkeitszeugnis, das sogenannte Medical vorliegen. In der n\u00e4heren Umgebung des Flugplatzes k\u00f6nnen wir dazu folgende Flieger\u00e4rzte empfehlen: Dr. med. Dagmar Amling, Augsburg und Aichach, 08251 204 460, dr-amling@t-online.de Dr. <a class=\"more-link\" href=\"https:\/\/www.mlv-thannhausen.de\/?page_id=465\">weiterlesen&#8230;<\/a><\/p>\n","protected":false},"author":2,"featured_media":0,"parent":16,"menu_order":2,"comment_status":"closed","ping_status":"closed","template":"","meta":{"ngg_post_thumbnail":0,"footnotes":""},"class_list":["post-465","page","type-page","status-publish","hentry"],"_links":{"self":[{"href":"https:\/\/www.mlv-thannhausen.de\/index.php?rest_route=\/wp\/v2\/pages\/465","targetHints":{"allow":["GET"]}}],"collection":[{"href":"https:\/\/www.mlv-thannhausen.de\/index.php?rest_route=\/wp\/v2\/pages"}],"about":[{"href":"https:\/\/www.mlv-thannhausen.de\/index.php?rest_route=\/wp\/v2\/types\/page"}],"author":[{"embeddable":true,"href":"https:\/\/www.mlv-thannhausen.de\/index.php?rest_route=\/wp\/v2\/users\/2"}],"replies":[{"embeddable":true,"href":"https:\/\/www.mlv-thannhausen.de\/index.php?rest_route=%2Fwp%2Fv2%2Fcomments&post=465"}],"version-history":[{"count":31,"href":"https:\/\/www.mlv-thannhausen.de\/index.php?rest_route=\/wp\/v2\/pages\/465\/revisions"}],"predecessor-version":[{"id":12601,"href":"https:\/\/www.mlv-thannhausen.de\/index.php?rest_route=\/wp\/v2\/pages\/465\/revisions\/12601"}],"up":[{"embeddable":true,"href":"https:\/\/www.mlv-thannhausen.de\/index.php?rest_route=\/wp\/v2\/pages\/16"}],"wp:attachment":[{"href":"https:\/\/www.mlv-thannhausen.de\/index.php?rest_route=%2Fwp%2Fv2%2Fmedia&parent=465"}],"curies":[{"name":"wp","href":"https:\/\/api.w.org\/{rel}","templated":true}]}}