{"id":51,"date":"2009-08-22T14:45:25","date_gmt":"2009-08-22T12:45:25","guid":{"rendered":"http:\/\/www.mlv-thannhausen.de\/?page_id=51"},"modified":"2020-12-14T18:54:55","modified_gmt":"2020-12-14T17:54:55","slug":"segelflugzeuge","status":"publish","type":"page","link":"https:\/\/www.mlv-thannhausen.de\/?page_id=51","title":{"rendered":"Segelflugzeuge"},"content":{"rendered":"<h3>Scheibe Bergfalke III ( D-1164)<\/h3>\n<p style=\"text-align: justify;\"><a class=\"highslide\" href=\"http:\/\/www.mlv-thannhausen.de\/wp-content\/uploads\/d1014.jpg\"><img decoding=\"async\" class=\"size-medium wp-image-53 alignright\" title=\"Bergfalke\" src=\"http:\/\/www.mlv-thannhausen.de\/wp-content\/uploads\/d1014.jpg\" alt=\"Bergfalke\" width=\"200\"><\/a>Zwar z\u00e4hlt der <a href=\"https:\/\/de.wikipedia.org\/wiki\/Scheibe_Bergfalke_III\" target=\"_blank\" rel=\"noopener noreferrer\">Bergfalke III<\/a> mittlerweile schon zu den Oldtimern (Bj. 1965), dennoch ist er bei uns das Flugzeug das die meisten Starts und Landungen absolviert. Auf dem Doppelsitzer in Gemischtbauweise wird ein Gro\u00dfteil der Flugausbildung durchgef\u00fchrt, vom allerersten Schulstart bis zum&nbsp;ersten Alleinflug. Seine Gleitzahl liegt bei etwa 1:28 bei 85 km\/h.<\/p>\n<p>&nbsp;<\/p>\n<h3>Grob Twin II &#8222;Acro&#8220; (D-6905)<\/h3>\n<p style=\"text-align: justify;\"><a class=\"highslide\" href=\"http:\/\/www.mlv-thannhausen.de\/wp-content\/uploads\/twin.jpg\"><img decoding=\"async\" class=\"size-medium wp-image-53 alignright\" title=\"Bergfalke\" src=\"http:\/\/www.mlv-thannhausen.de\/wp-content\/uploads\/twin.jpg\" alt=\"TWIN\" width=\"200\"><\/a>Beim <a href=\"https:\/\/de.wikipedia.org\/wiki\/Grob_G_103\" target=\"_blank\" rel=\"noopener noreferrer\">Grob Twin II Acro (G103A)<\/a> handelt es sich um den doppelsitzigen Bruder des Astir CS. Auch der Twin ist in Kunstoffbauweise gefertigt und f\u00fcr Flugausbildung inkl. Kunstflug und Streckenflug konzipiert. Seit 2004 ist allerdings eine zus\u00e4tzliche Rumpfverst\u00e4rkungn\u00f6tig um die volle Kunstflugtauglichkeit wiederzuerlangen. Seine Gleitzahl liegt bei 1:38,5.<\/p>\n<p style=\"text-align: justify;\">Unser Twin&nbsp;wird in der Schulung nach dem ersten Alleinflug (auf dem Bergfalken) eingesetzt und f\u00fcr \u00dcberlandfl\u00fcge.<\/p>\n<p>&nbsp;<\/p>\n<h3>Grob Astir CS Jeans (D-7756)<\/h3>\n<p style=\"text-align: justify;\"><a class=\"highslide\" href=\"http:\/\/www.mlv-thannhausen.de\/wp-content\/uploads\/d7756.jpg\"><img decoding=\"async\" class=\"size-medium wp-image-53 alignright\" title=\"Astir\" src=\"http:\/\/www.mlv-thannhausen.de\/wp-content\/uploads\/d7756.jpg\" alt=\"Astir CS Jeans\" width=\"200\"><\/a>Der <a href=\"https:\/\/de.wikipedia.org\/wiki\/Grob_G_102\" target=\"_blank\" rel=\"noopener noreferrer\">Astir CS (Grob G102)<\/a> war das erste von der Firma Grob selbstkonstruierte Segelflugzeug. Die &#8222;Jeans Version&#8220; ist eine Weiterentwicklung des Astir CS, die mit festem Fahrwerk und ohne Wassertanks auch f\u00fcr die Teilnahme in Wettbewerben der Club-Klasse zugelassen ist und eine robustes Schulflugzeug abgibt. Seine Gleitzahl liegt bei etwa 1:37.<\/p>\n<p style=\"text-align: justify;\">Mit dem Jeans Astir sammeln die MLV Flugsch\u00fcler ihre ersten Erfahrungen beim Fliegen mit einem Kunststoffeinsitzer. Auf Grund seiner gutm\u00fctigen Flugeigenschaften erfreut er sich bei den Flugsch\u00fclern gro\u00dfer Beliebtheit.<\/p>\n<p>&nbsp;<\/p>\n<h3>Pilatus B4-PC11 AF (D-2349)<\/h3>\n<p style=\"text-align: justify;\"><a href=\"http:\/\/www.mlv-thannhausen.de\/wp-content\/uploads\/B4_mit_Segelfliegern.jpg\"><img decoding=\"async\" class=\"size-medium wp-image-8886 alignright\" src=\"http:\/\/www.mlv-thannhausen.de\/wp-content\/uploads\/B4_mit_Segelfliegern-300x169.jpg\" alt=\"B4_mit_Segelfliegern\" width=\"200\" srcset=\"https:\/\/www.mlv-thannhausen.de\/wp-content\/uploads\/B4_mit_Segelfliegern-300x169.jpg 300w, https:\/\/www.mlv-thannhausen.de\/wp-content\/uploads\/B4_mit_Segelfliegern-768x432.jpg 768w, https:\/\/www.mlv-thannhausen.de\/wp-content\/uploads\/B4_mit_Segelfliegern-1024x576.jpg 1024w, https:\/\/www.mlv-thannhausen.de\/wp-content\/uploads\/B4_mit_Segelfliegern.jpg 2048w\" sizes=\"(max-width: 300px) 100vw, 300px\" \/><\/a>Die <a href=\"https:\/\/de.wikipedia.org\/wiki\/Pilatus_PC-11\" target=\"_blank\" rel=\"noopener noreferrer\">Pilatus B4<\/a> ist ein einmaliges Flugzeug, denn sie ist robust und ein echter&nbsp;Alrounder. Der Club-Klasse Einsitzer in Ganzmetallbauweise zeigt&nbsp;sehr gutm\u00fctige Flugeigenschaften&nbsp;und ist damit&nbsp;wunderbar f\u00fcr die Flugausbildung und den Einsatz&nbsp;im Verein geeignet. Daneben ist sie&nbsp;auch voll kunstflugtauglich, im Fall unserer&nbsp;AF Version sogar einschlie\u00dflich gerissener Figuren.<\/p>\n<p style=\"text-align: justify;\">Der&nbsp;urspr\u00fcngliche Entwurf&nbsp;von&nbsp;Manfred K\u00fcppers, Ingo Herbst und Rudolf Reinke (Rheintalwerke G. Basten)&nbsp;aus den 60er Jahren wurde 1972 von der Schweizer Firma Pilatus Flugzeugwerke lizenziert und modifiziert. Die B4 zeigt laut Hersteller eine Gleitzahl von 1:35 und ist f\u00fcr Lastvielfache von +7 bis -4,9 g zugelassen.<\/p>\n<p>&nbsp;<\/p>\n<h3>Schempp-Hirth Discus CS (D-1968, HF)<\/h3>\n<p style=\"text-align: justify;\"><a class=\"highslide\" href=\"http:\/\/www.mlv-thannhausen.de\/wp-content\/uploads\/IMG_4218k.jpg\"><img loading=\"lazy\" decoding=\"async\" class=\"size-medium wp-image-53 alignright\" title=\"LS4\" src=\"http:\/\/www.mlv-thannhausen.de\/wp-content\/uploads\/IMG_4218k.jpg\" alt=\"LS4 b\" width=\"200\" height=\"150\"><\/a>Mit einer Gleitzahl von 1:43 und bestechend durch seine gute Flugleistung ist der <a href=\"https:\/\/de.wikipedia.org\/wiki\/Schempp-Hirth_Discus\" target=\"_blank\" rel=\"noopener noreferrer\">Discus<\/a>&nbsp;ein bei unseren Piloten begehrter Einsitzer um auf Strecke zu gehen. Der Kunststoff-Einsitzer von&nbsp;Schempp-Hirth&nbsp;wurde 1984 auf den Markt gebracht, wird aber bis heute in Tschechien produziert, wie auch unsere HF mit Baujahr 2002. Das Standardklasse-Flugzeug ist wegen seiner gutm\u00fctigen Eigenschaften auch&nbsp;gut f\u00fcr den Vereinsbetrieb geeignet und wird beim MLV f\u00fcr Streckenflug eingesetzt.<\/p>\n<p>&nbsp;<\/p>\n<h3>Alexander Schleicher ASW 24 (D-6157, A7)<a href=\"http:\/\/www.mlv-thannhausen.de\/wp-content\/uploads\/ASW24-1.jpg\"><img loading=\"lazy\" decoding=\"async\" class=\"alignright wp-image-9475\" src=\"http:\/\/www.mlv-thannhausen.de\/wp-content\/uploads\/ASW24-1-300x200.jpg\" alt=\"\" width=\"200\" height=\"133\" srcset=\"https:\/\/www.mlv-thannhausen.de\/wp-content\/uploads\/ASW24-1-300x200.jpg 300w, https:\/\/www.mlv-thannhausen.de\/wp-content\/uploads\/ASW24-1-768x512.jpg 768w, https:\/\/www.mlv-thannhausen.de\/wp-content\/uploads\/ASW24-1-1024x682.jpg 1024w, https:\/\/www.mlv-thannhausen.de\/wp-content\/uploads\/ASW24-1.jpg 1280w\" sizes=\"auto, (max-width: 200px) 100vw, 200px\" \/><\/a><\/h3>\n<p style=\"text-align: justify;\">Seit 2018 ziert unseren Flugzeugpark eine <a href=\"https:\/\/de.wikipedia.org\/wiki\/Schleicher_ASW_24\" target=\"_blank\" rel=\"noopener noreferrer\">ASW 24<\/a>. Der elegante Mitteldecker in FKV-Bauweise wurde 1987 von Gerhard Waibel als Standardklasse-Flugzeug entwickelt. Eine Besonderheit ist dabei das Sicherheitscockpit mit einem verst\u00e4rktem Rumpf aus&nbsp;Kohle- und Aramidfasern (besser bekannt als Kevlar), das dem Piloten im Falle eines Unfalls besonderen Schutz bietet. Neben dem serienm\u00e4\u00dfigen Einziehfahrwerk und den Wasserballasttanks ist unsere A7 auch mit Winglets ausger\u00fcstet, die das Verhalten vor allem im Thermikflug verbessern. Mit einer Gleitzahl von 1:44 ist unsere ASW24 der neue Supervogel des MLV und pr\u00e4destiniert f\u00fcr den Streckenflug.<\/p>\n<p>Dar\u00fcber hinaus ist noch ein privater <strong>Astir CS<\/strong> bei uns stationiert.<\/p>\n","protected":false},"excerpt":{"rendered":"<p>Scheibe Bergfalke III ( D-1164) Zwar z\u00e4hlt der Bergfalke III mittlerweile schon zu den Oldtimern (Bj. 1965), dennoch ist er bei uns das Flugzeug das die meisten Starts und Landungen absolviert. Auf dem Doppelsitzer in Gemischtbauweise wird ein Gro\u00dfteil der <a class=\"more-link\" href=\"https:\/\/www.mlv-thannhausen.de\/?page_id=51\">weiterlesen&#8230;<\/a><\/p>\n","protected":false},"author":312,"featured_media":0,"parent":6,"menu_order":0,"comment_status":"closed","ping_status":"closed","template":"","meta":{"ngg_post_thumbnail":0,"footnotes":""},"class_list":["post-51","page","type-page","status-publish","hentry"],"_links":{"self":[{"href":"https:\/\/www.mlv-thannhausen.de\/index.php?rest_route=\/wp\/v2\/pages\/51","targetHints":{"allow":["GET"]}}],"collection":[{"href":"https:\/\/www.mlv-thannhausen.de\/index.php?rest_route=\/wp\/v2\/pages"}],"about":[{"href":"https:\/\/www.mlv-thannhausen.de\/index.php?rest_route=\/wp\/v2\/types\/page"}],"author":[{"embeddable":true,"href":"https:\/\/www.mlv-thannhausen.de\/index.php?rest_route=\/wp\/v2\/users\/312"}],"replies":[{"embeddable":true,"href":"https:\/\/www.mlv-thannhausen.de\/index.php?rest_route=%2Fwp%2Fv2%2Fcomments&post=51"}],"version-history":[{"count":42,"href":"https:\/\/www.mlv-thannhausen.de\/index.php?rest_route=\/wp\/v2\/pages\/51\/revisions"}],"predecessor-version":[{"id":10875,"href":"https:\/\/www.mlv-thannhausen.de\/index.php?rest_route=\/wp\/v2\/pages\/51\/revisions\/10875"}],"up":[{"embeddable":true,"href":"https:\/\/www.mlv-thannhausen.de\/index.php?rest_route=\/wp\/v2\/pages\/6"}],"wp:attachment":[{"href":"https:\/\/www.mlv-thannhausen.de\/index.php?rest_route=%2Fwp%2Fv2%2Fmedia&parent=51"}],"curies":[{"name":"wp","href":"https:\/\/api.w.org\/{rel}","templated":true}]}}