{"id":6,"date":"2009-08-20T13:54:13","date_gmt":"2009-08-20T11:54:13","guid":{"rendered":"http:\/\/www.mlv-thannhausen.de\/?page_id=6"},"modified":"2022-07-14T11:39:52","modified_gmt":"2022-07-14T09:39:52","slug":"segelflug","status":"publish","type":"page","link":"https:\/\/www.mlv-thannhausen.de\/?page_id=6","title":{"rendered":"Segelflug"},"content":{"rendered":"\n<h3 class=\"wp-block-heading\">Streckensegelflug<\/h3>\n\n\n\n<p>Unser Antrieb ist die Sonne. Sie l\u00e4\u00dft die Thermik entstehen, die unsere Segelflugzeuge steigen l\u00e4\u00dft.&nbsp;Keine andere Luftsportart h\u00e4ngt so stark vom Wetter ab wie der Segelflug.&nbsp;Keine andere Luftsportart nutzt Aufwinde, Luftstr\u00f6mungen, Wetterfronten&nbsp;und Luftver\u00e4nderungen so konsequent wie der Segelflug. &#8222;Es den V\u00f6geln&nbsp;gleich tun&#8220;, trifft f\u00fcr den Segelflug am st\u00e4rksten zu. Dass es zur&nbsp;Leidenschaft wird, erf\u00e4hrt schnell jeder der einmal einen l\u00e4ngeren&nbsp;Flug im Segelflugzeug mitmachen konnte. Streckenfl\u00fcge von mehr als 300km&nbsp;werden vom Flugplatz Thannhausen aus regelm\u00e4\u00dfig geflogen.<\/p>\n\n\n\n<p><iframe loading=\"lazy\" src=\"https:\/\/www.youtube.com\/embed\/XD7DQyjOH3w\" allowfullscreen=\"allowfullscreen\" width=\"560\" height=\"315\" frameborder=\"0\"><\/iframe><\/p>\n\n\n<div class=\"wp-block-image\">\n<figure class=\"aligncenter size-medium\"><a class=\"highslide\" href=\"http:\/\/www.mlv-thannhausen.de\/wp-content\/uploads\/serres04_1.JPG\"><img loading=\"lazy\" decoding=\"async\" width=\"300\" height=\"225\" src=\"https:\/\/www.mlv-thannhausen.de\/wp-content\/uploads\/serres04_1-300x225.jpg\" alt=\"serres04_1\" class=\"wp-image-73\" title=\"serres04_1\" srcset=\"https:\/\/www.mlv-thannhausen.de\/wp-content\/uploads\/serres04_1-300x225.jpg 300w, https:\/\/www.mlv-thannhausen.de\/wp-content\/uploads\/serres04_1.JPG 512w\" sizes=\"auto, (max-width: 300px) 100vw, 300px\" \/><\/a><\/figure>\n<\/div>\n\n<div class=\"wp-block-image\">\n<figure class=\"aligncenter size-medium\"><a class=\"highslide\" href=\"http:\/\/www.mlv-thannhausen.de\/wp-content\/uploads\/dg1000_front.jpg\"><img loading=\"lazy\" decoding=\"async\" width=\"300\" height=\"199\" src=\"https:\/\/www.mlv-thannhausen.de\/wp-content\/uploads\/dg1000_front-300x199.jpg\" alt=\"dg1000_front\" class=\"wp-image-75\" title=\"dg1000_front\" srcset=\"https:\/\/www.mlv-thannhausen.de\/wp-content\/uploads\/dg1000_front-300x199.jpg 300w, https:\/\/www.mlv-thannhausen.de\/wp-content\/uploads\/dg1000_front.jpg 800w\" sizes=\"auto, (max-width: 300px) 100vw, 300px\" \/><\/a><\/figure>\n<\/div>\n\n\n<p>Der Mittelschw\u00e4bische Luftsportverein bildet Segelflieger&nbsp;nicht nur in den Grundfertigkeiten des Fliegens aus, er f\u00fchrt sie auch an den Streckensegelflug heran.<\/p>\n\n\n\n<p>Segelfliegen bedeutet nicht&nbsp;nur das mechanische bedienen der Ruder. Es ist auch mit viel&nbsp;Kopfarbeit verbunden. Wer das Wetter lesen kann, zum richtigen&nbsp;Zeitpunkt die richtigen Entscheidungen trifft, kommt in den Genuss&nbsp;der weiten Streckenfl\u00fcge.&nbsp;Die Verwirklichung des Traums vom Fliegen macht die&nbsp;Faszination des Segelfliegens aus.<\/p>\n\n\n<div class=\"wp-block-image\">\n<figure class=\"aligncenter size-medium\"><a class=\"highslide\" href=\"http:\/\/www.mlv-thannhausen.de\/wp-content\/uploads\/stauban_start.jpg\"><img loading=\"lazy\" decoding=\"async\" width=\"300\" height=\"225\" src=\"https:\/\/www.mlv-thannhausen.de\/wp-content\/uploads\/stauban_start-300x225.jpg\" alt=\"stauban_start\" class=\"wp-image-76\" title=\"stauban_start\" srcset=\"https:\/\/www.mlv-thannhausen.de\/wp-content\/uploads\/stauban_start-300x225.jpg 300w, https:\/\/www.mlv-thannhausen.de\/wp-content\/uploads\/stauban_start.jpg 800w\" sizes=\"auto, (max-width: 300px) 100vw, 300px\" \/><\/a><\/figure>\n<\/div>\n\n<div class=\"wp-block-image\">\n<figure class=\"aligncenter size-medium\"><a class=\"highslide\" href=\"http:\/\/www.mlv-thannhausen.de\/wp-content\/uploads\/thannhausen_dg1000.jpg\"><img loading=\"lazy\" decoding=\"async\" width=\"300\" height=\"202\" src=\"https:\/\/www.mlv-thannhausen.de\/wp-content\/uploads\/thannhausen_dg1000-300x202.jpg\" alt=\"thannhausen_dg1000\" class=\"wp-image-77\" title=\"thannhausen_dg1000\" srcset=\"https:\/\/www.mlv-thannhausen.de\/wp-content\/uploads\/thannhausen_dg1000-300x202.jpg 300w, https:\/\/www.mlv-thannhausen.de\/wp-content\/uploads\/thannhausen_dg1000.jpg 800w\" sizes=\"auto, (max-width: 300px) 100vw, 300px\" \/><\/a><\/figure>\n<\/div>\n\n\n<p><br><strong>Unsere letzten Streckenfl\u00fcge bei WeGlide<\/strong><br>\n<iframe loading=\"lazy\" title=\"WeGlide\" src=\"https:\/\/www.weglide.org\/embedded\/club\/505\" width=\"100%\" height=\"600px\"><\/p><\/iframe>\n\n\n\n<h3 class=\"wp-block-heading\">Segelkunstflug<\/h3>\n\n\n\n<p>Der Kunstflug z\u00e4hlt als die vollkommene Beherschung des Flugzeugs in allen Fluglagen und ist so auch ein Gewinn hinsichtlich sicherem Fliegen. Im Gegensatz zum Streckenflug ist der Kunstflug ein eher kurzes, aber um so intensiveres Vergn\u00fcgen. Das pr\u00e4zsie fliegen von Loops, Turns, Rollen usw. erfordert ein hohes Ma\u00df an mentalem und k\u00f6rperlichem Training und regelm\u00e4\u00dfigem \u00fcben.<\/p>\n\n\n\n<p>Beim MLV k\u00f6nnen wir aktuell zwar keine Segelkunstflugausbildung anbieten, allerdings f\u00f6rdern wir die Teilnahme an entsprechenden Lehrg\u00e4ngen des <a href=\"http:\/\/www.lvb-segelkunstflug.de\" target=\"_blank\" rel=\"noopener\">F\u00f6rderverein Segelkunstflug Bayern e.V.<\/a><br>Mit der Pilatus B4 AF besitzt der MLV einen f\u00fcr Kunstflug hervoragend geeigneten Einsitzer (auch der F\u00f6rderverein besitzt eine B4) auf dem dann die Kunstflieger ihren Spa\u00df haben und einen guten \u00dcbungsstand halten k\u00f6nnen.<\/p>\n\n\n\n<p><iframe loading=\"lazy\" src=\"https:\/\/www.youtube.com\/embed\/PbS8rKLALF8\" allowfullscreen=\"allowfullscreen\" width=\"560\" height=\"315\" frameborder=\"0\"><\/iframe><\/p>\n\n\n\n<p>Weiter Infos zur <a href=\"http:\/\/www.mlv-thannhausen.de\/?page_id=1064\">Segelflugausbildung oder zum Streckensegelflug finden sie auf den weiteren Seiten.<\/a><\/p>\n","protected":false},"excerpt":{"rendered":"<p>Streckensegelflug Unser Antrieb ist die Sonne. Sie l\u00e4\u00dft die Thermik entstehen, die unsere Segelflugzeuge steigen l\u00e4\u00dft.&nbsp;Keine andere Luftsportart h\u00e4ngt so stark vom Wetter ab wie der Segelflug.&nbsp;Keine andere Luftsportart nutzt Aufwinde, Luftstr\u00f6mungen, Wetterfronten&nbsp;und Luftver\u00e4nderungen so konsequent wie der Segelflug. &#8222;Es <a class=\"more-link\" href=\"https:\/\/www.mlv-thannhausen.de\/?page_id=6\">weiterlesen&#8230;<\/a><\/p>\n","protected":false},"author":312,"featured_media":0,"parent":0,"menu_order":0,"comment_status":"closed","ping_status":"closed","template":"","meta":{"ngg_post_thumbnail":0,"footnotes":""},"class_list":["post-6","page","type-page","status-publish","hentry"],"_links":{"self":[{"href":"https:\/\/www.mlv-thannhausen.de\/index.php?rest_route=\/wp\/v2\/pages\/6","targetHints":{"allow":["GET"]}}],"collection":[{"href":"https:\/\/www.mlv-thannhausen.de\/index.php?rest_route=\/wp\/v2\/pages"}],"about":[{"href":"https:\/\/www.mlv-thannhausen.de\/index.php?rest_route=\/wp\/v2\/types\/page"}],"author":[{"embeddable":true,"href":"https:\/\/www.mlv-thannhausen.de\/index.php?rest_route=\/wp\/v2\/users\/312"}],"replies":[{"embeddable":true,"href":"https:\/\/www.mlv-thannhausen.de\/index.php?rest_route=%2Fwp%2Fv2%2Fcomments&post=6"}],"version-history":[{"count":23,"href":"https:\/\/www.mlv-thannhausen.de\/index.php?rest_route=\/wp\/v2\/pages\/6\/revisions"}],"predecessor-version":[{"id":11520,"href":"https:\/\/www.mlv-thannhausen.de\/index.php?rest_route=\/wp\/v2\/pages\/6\/revisions\/11520"}],"wp:attachment":[{"href":"https:\/\/www.mlv-thannhausen.de\/index.php?rest_route=%2Fwp%2Fv2%2Fmedia&parent=6"}],"curies":[{"name":"wp","href":"https:\/\/api.w.org\/{rel}","templated":true}]}}