{"id":81,"date":"2009-08-22T15:48:04","date_gmt":"2009-08-22T13:48:04","guid":{"rendered":"http:\/\/www.mlv-thannhausen.de\/?page_id=81"},"modified":"2022-09-21T00:22:23","modified_gmt":"2022-09-20T22:22:23","slug":"motorflugzeuge","status":"publish","type":"page","link":"https:\/\/www.mlv-thannhausen.de\/?page_id=81","title":{"rendered":"Motorflugzeuge"},"content":{"rendered":"\n<h2 class=\"wp-block-heading\"><\/h2>\n\n\n\n<p><\/p>\n\n\n\n<h2 class=\"wp-block-heading\">Ultraleicht-Flugzeug: B&amp;F&nbsp;FK9 ELA Executive<\/h2>\n\n\n\n<p>F\u00fcr viele ist die UL-Fliegerei die Zukunft des motorisierten Luftsports. Moderne dreiachsgesteuerte Ultraleicht-Flugzeuge weisen Flugleistungen auf, die denen von vielen Motorseglern und Motorflugzeugen in nichts nachstehen oder sie sogar \u00fcbertreffen. Seit dem Fr\u00fchjahr 2014 sorgt eine FK9 ELA Executive f\u00fcr strahlende Gesichter bei unseren UL-Piloten. Der Schulterdecker in CFK-Gemischtbauweise ist als&nbsp;UL zugelassen und die maximale Zuladung darf somit 472,5 kg nicht \u00fcberschreiten, technisch m\u00f6glich sind allerdings 580kg.&nbsp;(In den USA kann die FK9 als LSA Klasse mit 540kg starten) Unsere D-MLVT kommt vor allem zum Reiseflug und zur UL-Flugausbildung zum Einsatz. Dank einem nachger\u00fcsteten Schlepphaken, kann unsere FK9 auch zum F-Schlepp von Segelflugzeugen oder zum Bannerschlepp eingesetzt werden.<\/p>\n\n\n<div class=\"wp-block-image\">\n<figure class=\"aligncenter\"><a href=\"http:\/\/www.mlv-thannhausen.de\/wp-content\/uploads\/IMG_2614_thumb.jpg\"><img loading=\"lazy\" decoding=\"async\" width=\"300\" height=\"199\" src=\"http:\/\/www.mlv-thannhausen.de\/wp-content\/uploads\/IMG_2614_thumb-300x199.jpg\" alt=\"IMG_2614_thumb\" class=\"wp-image-3698\" srcset=\"https:\/\/www.mlv-thannhausen.de\/wp-content\/uploads\/IMG_2614_thumb-300x199.jpg 300w, https:\/\/www.mlv-thannhausen.de\/wp-content\/uploads\/IMG_2614_thumb-1024x682.jpg 1024w, https:\/\/www.mlv-thannhausen.de\/wp-content\/uploads\/IMG_2614_thumb-900x599.jpg 900w, https:\/\/www.mlv-thannhausen.de\/wp-content\/uploads\/IMG_2614_thumb.jpg 1820w\" sizes=\"auto, (max-width: 300px) 100vw, 300px\" \/><\/a><\/figure>\n<\/div>\n\n\n<p class=\"has-text-align-center\"><\/p>\n\n\n\n<h2 class=\"wp-block-heading\"> Motorflugzeug: DR401 180R<\/h2>\n\n\n\n<p>Die Abteilung Motorflug hat sich in den letzten Jahren stark weiterentwickelt. In einer eigens daf\u00fcr veranstalteten au\u00dferordentlichen Abteilungsversammlung wurde beschlossen einen neuen 4-Sitzer anzuschaffen. Dabei handelt es sich um eine fabrikneue DR401 von Robin Aircraft. Dieser Flugzeugtyp ist seit Jahrzehnten bew\u00e4hrt und seine Flugeigenschaften werden von den Piloten hoch gesch\u00e4tzt. Ausgestattet mit Schleppvorrichtung, modernen Instrumenten und einem Lycoming O-360 mit 180 PS ist dieser Flieger ein richtiges Schmuckst\u00fcck in unserem Flugzeugpark. Die DR401 ist eine komplett \u00fcberarbeite Version ihrer Vorg\u00e4ngerin der DR400. Neu sind dabei die gr\u00f6\u00dfere Kabine und elektrische Klappen \/ Trimmung, sowie komplett beplankte Tragfl\u00e4chen. Das agile und robuste Flugzeug ins in Gemischtbauweise konstruiert und hat damit und unschlagbares Leistungs-\/Gewichtsverh\u00e4ltnis.<br>Als Allrounder wird die neue &#8222;Jodel&#8220; D-EMLV als Schul-, Schlepp-, und Reiseflugzeug eingesetzt. Mit ihren 4 Sitzpl\u00e4tzen k\u00f6nnen wir in Zukunft so richtig auf Reisen gehen und unsere Freude am Fliegen ausleben.<\/p>\n\n\n<div class=\"wp-block-image aligncenter\">\n<figure class=\"size-large\"><a href=\"https:\/\/www.mlv-thannhausen.de\/wp-content\/uploads\/D-EMLV.jpg\"><img loading=\"lazy\" decoding=\"async\" width=\"1024\" height=\"540\" src=\"https:\/\/www.mlv-thannhausen.de\/wp-content\/uploads\/D-EMLV-1024x540.jpg\" alt=\"\" class=\"wp-image-11802\" srcset=\"https:\/\/www.mlv-thannhausen.de\/wp-content\/uploads\/D-EMLV-1024x540.jpg 1024w, https:\/\/www.mlv-thannhausen.de\/wp-content\/uploads\/D-EMLV-300x158.jpg 300w, https:\/\/www.mlv-thannhausen.de\/wp-content\/uploads\/D-EMLV-768x405.jpg 768w, https:\/\/www.mlv-thannhausen.de\/wp-content\/uploads\/D-EMLV.jpg 1286w\" sizes=\"auto, (max-width: 1024px) 100vw, 1024px\" \/><\/a><\/figure>\n<\/div>\n\n\n<p><\/p>\n\n\n\n<h2 class=\"wp-block-heading\">Private Flugzeuge<\/h2>\n\n\n\n<p>Weiterhin sind noch mehrere private Motorflugzeuge, UL&#8217;s, Tragschrauber, und  Helikopter in Thannhausen stationiert.<\/p>\n\n\n\n<p class=\"has-text-align-center\">&nbsp;<\/p>\n","protected":false},"excerpt":{"rendered":"<p>Ultraleicht-Flugzeug: B&amp;F&nbsp;FK9 ELA Executive F\u00fcr viele ist die UL-Fliegerei die Zukunft des motorisierten Luftsports. Moderne dreiachsgesteuerte Ultraleicht-Flugzeuge weisen Flugleistungen auf, die denen von vielen Motorseglern und Motorflugzeugen in nichts nachstehen oder sie sogar \u00fcbertreffen. Seit dem Fr\u00fchjahr 2014 sorgt eine <a class=\"more-link\" href=\"https:\/\/www.mlv-thannhausen.de\/?page_id=81\">weiterlesen&#8230;<\/a><\/p>\n","protected":false},"author":94,"featured_media":0,"parent":9,"menu_order":0,"comment_status":"closed","ping_status":"closed","template":"","meta":{"ngg_post_thumbnail":0,"footnotes":""},"class_list":["post-81","page","type-page","status-publish","hentry"],"_links":{"self":[{"href":"https:\/\/www.mlv-thannhausen.de\/index.php?rest_route=\/wp\/v2\/pages\/81","targetHints":{"allow":["GET"]}}],"collection":[{"href":"https:\/\/www.mlv-thannhausen.de\/index.php?rest_route=\/wp\/v2\/pages"}],"about":[{"href":"https:\/\/www.mlv-thannhausen.de\/index.php?rest_route=\/wp\/v2\/types\/page"}],"author":[{"embeddable":true,"href":"https:\/\/www.mlv-thannhausen.de\/index.php?rest_route=\/wp\/v2\/users\/94"}],"replies":[{"embeddable":true,"href":"https:\/\/www.mlv-thannhausen.de\/index.php?rest_route=%2Fwp%2Fv2%2Fcomments&post=81"}],"version-history":[{"count":25,"href":"https:\/\/www.mlv-thannhausen.de\/index.php?rest_route=\/wp\/v2\/pages\/81\/revisions"}],"predecessor-version":[{"id":11815,"href":"https:\/\/www.mlv-thannhausen.de\/index.php?rest_route=\/wp\/v2\/pages\/81\/revisions\/11815"}],"up":[{"embeddable":true,"href":"https:\/\/www.mlv-thannhausen.de\/index.php?rest_route=\/wp\/v2\/pages\/9"}],"wp:attachment":[{"href":"https:\/\/www.mlv-thannhausen.de\/index.php?rest_route=%2Fwp%2Fv2%2Fmedia&parent=81"}],"curies":[{"name":"wp","href":"https:\/\/api.w.org\/{rel}","templated":true}]}}