{"id":8533,"date":"2016-03-13T23:17:49","date_gmt":"2016-03-13T21:17:49","guid":{"rendered":"http:\/\/www.mlv-thannhausen.de\/?page_id=8533"},"modified":"2023-08-30T10:46:41","modified_gmt":"2023-08-30T08:46:41","slug":"ultraleicht-pilotenausbildung","status":"publish","type":"page","link":"https:\/\/www.mlv-thannhausen.de\/?page_id=8533","title":{"rendered":"Ultraleicht Ausbildung"},"content":{"rendered":"<p style=\"text-align: justify;\">Der Ultraleichtflug erf\u00e4hrt von Jahr zu Jahr immer mehr Bedeutung in der Sportfliegerei. Moderne aerodynamisch gesteuerten UL (Dreiachser), wie unsere FK9 ELA, weisen Flugleistungen auf, die denen von vielen Motorseglern und Motorflugzeugen in nichts nachstehen oder sie sogar \u00fcbertreffen. Zulassung und Instandhaltung von Ultraleichtflugzeugen, sowie Ausbildung und Lizenzwesen werden durch das <a href=\"http:\/\/www.daec.de\/luftsportgeraete-buero\/\" target=\"_blank\" rel=\"noopener noreferrer\">Luftsportger\u00e4te-B\u00fcro des DAeC<\/a> national geregelt. Das erspart in vielen Bereichen deutlich Kosten und b\u00fcrokratischen Aufwand. Der konsequenten Leichtbau (maximales Abfluggewicht 472,5 kg) und \u00fcberschaubare Anschaffungskosten reduzieren weiterhin auch die Kosten f\u00fcr Flugstunden und schaffen eine g\u00fcnstige und attraktive M\u00f6glichkeit per Motor in die Luft zu kommen. Wie auch Motorsegler sind ULs auf zwei Sitzpl\u00e4tze beschr\u00e4nkt und die Zuladung ist im Vergleich zum Motorflugzeug geringer.<\/p>\n<div id=\"attachment_4720\" style=\"width: 310px\" class=\"wp-caption aligncenter\"><a href=\"http:\/\/www.mlv-thannhausen.de\/wp-content\/uploads\/FI-6.jpg\" rel=\"attachment wp-att-4720\"><img loading=\"lazy\" decoding=\"async\" aria-describedby=\"caption-attachment-4720\" class=\"wp-image-4720 size-medium\" src=\"http:\/\/www.mlv-thannhausen.de\/wp-content\/uploads\/FI-6-300x169.jpg\" alt=\"FK9 und Ausbildungsleiter Roland Mendle\" width=\"300\" height=\"169\" srcset=\"https:\/\/www.mlv-thannhausen.de\/wp-content\/uploads\/FI-6-300x169.jpg 300w, https:\/\/www.mlv-thannhausen.de\/wp-content\/uploads\/FI-6-1024x576.jpg 1024w, https:\/\/www.mlv-thannhausen.de\/wp-content\/uploads\/FI-6-900x506.jpg 900w\" sizes=\"auto, (max-width: 300px) 100vw, 300px\" \/><\/a><p id=\"caption-attachment-4720\" class=\"wp-caption-text\">Ausbildungsleiter Roland Mendle und unsere FK9 ELA<\/p><\/div>\n<p style=\"text-align: justify;\">Auch der MLV bildet Piloten auf aerodynamisch gesteuerten UL aus (Sportpilotenlizenz). Im Folgenden wird kurz die Flugausbildung auf Dreiachs-UL eines &#8222;Fu\u00dfg\u00e4ngers&#8220; beschrieben. Bei bereits vorhandenen Fluglizenzen werden Teile der theoretischen und praktischen Ausbildung anerkannt und eine Umschulung auf UL geht entsprechend schneller und einfacher.<\/p>\n<h3>Voraussetzungen Sportpilotenlizenz<\/h3>\n<p style=\"text-align: justify;\">Die UL-Ausbildung kann mit 16 Jahre begonnen werden, mit 17 Jahren kann die Pr\u00fcfung abgelegt werden. Au\u00dferdem ist ein flieger\u00e4rztliches Tauglichkeitszeugnis und ein Nachweis \u00fcber Sofortma\u00dfnahmen am Unfallort notwendig.<\/p>\n<h3>Praxis<\/h3>\n<p style=\"text-align: justify;\">Flugausbildung von min. 30 Stunden, davon min. 5 Stunden Alleinflugzeit. Dies sind die Minimalwerte, die vom Gesetzgeber vorgeschrieben werden.<\/p>\n<p>Die&nbsp;praktische Pr\u00fcfung&nbsp;wird vom Pr\u00fcfungsrat abgenommen.<\/p>\n<h3>Theorie<\/h3>\n<p style=\"text-align: justify;\">Theorieunterricht in den folgenden F\u00e4chern:<\/p>\n<ul style=\"text-align: justify;\">\n<li><em>Modul I<\/em> (Allgemeine F\u00e4cher):<br \/>\nLuftrecht, Navigation, Flugfunk, Meteorologie<\/li>\n<li style=\"text-align: justify;\"><em>Modul II<\/em> (Spezielle F\u00e4cher):<br \/>\nTechnik (und pyrotechnische Einweisung), Verhalten in besonderen F\u00e4llen (inkl. Menschliches Leistungsverm\u00f6gen)<\/li>\n<\/ul>\n<p style=\"text-align: justify;\">Die theoretische Pr\u00fcfung&nbsp;wird ebenfalls vom Pr\u00fcfungsrat abgenommen.<br \/>\nF\u00fcr den Funkverkehr ist ein Lehrgang BZF 1 mit anschlie\u00dfende Pr\u00fcfung erforderlich.<\/p>\n<h3>Dauer der Ausbildung<\/h3>\n<p style=\"text-align: justify;\">Der Zeitaufwand f\u00fcr die Flugausbildung h\u00e4ngt von Talent und Auffassungsgabe des Sch\u00fclers ab. Wer regelm\u00e4\u00dfig Schulstarts durchf\u00fchrt, kann die Flugausbildung innerhalb ein bis zwei Jahren abschlie\u00dfen. Schulungsfl\u00fcge werden in Absprache mit den Fluglehrern vereinbart, sind also nicht nur auf das Wochenende und Feiertage beschr\u00e4nkt.<br \/>\nDas Ausbildungsteam des MLV legt viel Wert darauf die Flugsch\u00fcler m\u00f6glichst sicher und gr\u00fcndlich auf ihre praktische Pr\u00fcfung und die sp\u00e4tere fliegerische Laufbahn vorzubereiten. Die gesetzlich geforderten Minimalstunden sind gerade im Vereinsbetrieb meist nicht ausreichend und es werden bis zur Pr\u00fcfung entsprechend mehr Starts und Stunden gemacht.<br \/>\nDer Theorie- und Funksprechunterricht wird zentral organisiert und findet w\u00e4hrend der flugarmen Zeit in den Wintermonate statt.<\/p>\n<h3 style=\"text-align: justify;\">Fluglehrer<\/h3>\n<p>Roland Mendle (Ausbildungsleiter)<br \/>\nAndreas Schmidt<br \/>\nGerhard L\u00e4nger<\/p>\n<p><a href=\"http:\/\/www.mlv-thannhausen.de\/?page_id=206\">&#8230; mehr Infos zu unseren Fluglehrer-Team.<\/a><\/p>\n<p>&nbsp;<\/p>\n<h3>Kosten<\/h3>\n<p style=\"text-align: justify;\">F\u00fcr Neumitglieder f\u00e4llt eine einmalige Aufnahmegeb\u00fchr in H\u00f6he von 360 \u20ac an (240 \u20ac f\u00fcr Sch\u00fcler, Studenten und Auszubildende). Neben dem j\u00e4hrlichen Mitgliedsbeitrag f\u00fcr den Gesamtverein (265 \u20ac f\u00fcr Erwachsene, 210 \u20ac bis 21 Jahre) und dem Abteilungsbeitrag (300 \u20ac bzw. 270 \u20ac f\u00fcr Sch\u00fcler, Studenten und Auszubildende), h\u00e4ngen die Kosten vor allem von den absolvierten Flugstunden ab (81,40 \u20ac pro Flugstunde, Stand Jan. 2023). Hinzu kommt f\u00fcr Flugstunden w\u00e4hrend der Flugausbildung ein Ausbildungszuschlag von 10 \u20ac pro Flugstunde.&nbsp;<\/p>\n<p style=\"text-align: justify;\">W\u00e4hrend der Ausbildung fallen noch weitere kleinere Ausgaben an z. B. f\u00fcr die Ausstellung eines F\u00fchrungszeugnisses, einen Verkehrsregisterauszug, Unkosten des Theorieunterrichts, Literatur, den Besuch beim Fliegerarzt und die Geb\u00fchren der&nbsp;theoretischen und praktischen Pr\u00fcfung.<\/p>\n<h3>Interesse?<\/h3>\n<p style=\"text-align: justify;\">Wenn Sie Interesse an einer professionellen UL- Flugausbildung haben und Mitglied in unserem Luftsportverein werden m\u00f6chten, wenden Sie sich bitte an unseren UL Ausbildungsleiter <a href=\"mailto:phoenix-dental@t-online.de\" target=\"_blank\" rel=\"noopener noreferrer\">Roland Mendle<\/a> oder schauen Sie am Wochenende bei uns am Flugplatz vorbei. Wir erkl\u00e4ren Ihnen gerne die Vorz\u00fcge unserer Vereinsausbildung, unseren wundersch\u00f6n gelegenen Flugplatz, unser modernes UL, den Gesamtumfang der Ausbildung und der Kosten. Wir freuen uns auf Sie!<\/p>\n","protected":false},"excerpt":{"rendered":"<p>Der Ultraleichtflug erf\u00e4hrt von Jahr zu Jahr immer mehr Bedeutung in der Sportfliegerei. Moderne aerodynamisch gesteuerten UL (Dreiachser), wie unsere FK9 ELA, weisen Flugleistungen auf, die denen von vielen Motorseglern und Motorflugzeugen in nichts nachstehen oder sie sogar \u00fcbertreffen. Zulassung <a class=\"more-link\" href=\"https:\/\/www.mlv-thannhausen.de\/?page_id=8533\">weiterlesen&#8230;<\/a><\/p>\n","protected":false},"author":94,"featured_media":0,"parent":16,"menu_order":0,"comment_status":"closed","ping_status":"closed","template":"","meta":{"ngg_post_thumbnail":0,"footnotes":""},"class_list":["post-8533","page","type-page","status-publish","hentry"],"_links":{"self":[{"href":"https:\/\/www.mlv-thannhausen.de\/index.php?rest_route=\/wp\/v2\/pages\/8533","targetHints":{"allow":["GET"]}}],"collection":[{"href":"https:\/\/www.mlv-thannhausen.de\/index.php?rest_route=\/wp\/v2\/pages"}],"about":[{"href":"https:\/\/www.mlv-thannhausen.de\/index.php?rest_route=\/wp\/v2\/types\/page"}],"author":[{"embeddable":true,"href":"https:\/\/www.mlv-thannhausen.de\/index.php?rest_route=\/wp\/v2\/users\/94"}],"replies":[{"embeddable":true,"href":"https:\/\/www.mlv-thannhausen.de\/index.php?rest_route=%2Fwp%2Fv2%2Fcomments&post=8533"}],"version-history":[{"count":27,"href":"https:\/\/www.mlv-thannhausen.de\/index.php?rest_route=\/wp\/v2\/pages\/8533\/revisions"}],"predecessor-version":[{"id":12051,"href":"https:\/\/www.mlv-thannhausen.de\/index.php?rest_route=\/wp\/v2\/pages\/8533\/revisions\/12051"}],"up":[{"embeddable":true,"href":"https:\/\/www.mlv-thannhausen.de\/index.php?rest_route=\/wp\/v2\/pages\/16"}],"wp:attachment":[{"href":"https:\/\/www.mlv-thannhausen.de\/index.php?rest_route=%2Fwp%2Fv2%2Fmedia&parent=8533"}],"curies":[{"name":"wp","href":"https:\/\/api.w.org\/{rel}","templated":true}]}}