{"id":89,"date":"2009-08-22T16:04:44","date_gmt":"2009-08-22T14:04:44","guid":{"rendered":"http:\/\/www.mlv-thannhausen.de\/?page_id=89"},"modified":"2026-04-28T23:57:00","modified_gmt":"2026-04-28T21:57:00","slug":"fur-piloten","status":"publish","type":"page","link":"https:\/\/www.mlv-thannhausen.de\/?page_id=89","title":{"rendered":"Piloteninfos"},"content":{"rendered":"<p>Frequenz: 118,180 MHz<br \/>\n<a href=\"https:\/\/aip.dfs.de\/BasicVFR\/pages\/P004AA.html\" target=\"_blank\" rel=\"noopener\">AIP VFR Thannhausen EDNU<\/a><\/p>\n<p>Landedebahndetails:<br \/>\n500 x 30 m, GRAS<br \/>\nRWY 07, TKOF 500 m, LDG 500 m<br \/>\nRWY 25, TKOF 750 m, LDG 500 m<\/p>\n<div id=\"vf_runwaycheck\">&nbsp;<\/div>\n<p><script type=\"text\/javascript\" src=\"https:\/\/vereinsflieger.de\/runwaycheckstate?u=b75accce4b4f5b7736e77c359ba61777\"><\/script><br \/>\nS\u00fcdlich der Bahn, innerhalb der Segelflug-Platzrunde, befindet sich das Fluggel\u00e4nde der Abteilung Modellflug. <strong>Bitte umfliegen Sie den Luftraum \u00fcber dem Modellflugplatz gro\u00dfz\u00fcgig.<\/strong><\/p>\n<p>Landegeb\u00fchren\/Touch&amp;Go:<br \/>\nE-Klasse, Motorsegler, Ultraleicht: 7 \u20ac<br \/>\nHelikopter: 10 \u20ac<br \/>\nSegelflug: 0 \u20ac<\/p>\n<p>Treibstoff:<br \/>\nTankstelle mit AVGAS und MOGAS<br \/>\nVerf\u00fcgbarkeit ohne Gew\u00e4hr. Keine Tankungen f\u00fcr gesch\u00e4ftlichen Verkehr!<\/p>\n<p>86470 Thannhausen<br \/>\nEdelstetter Stra\u00dfe 43<\/p>\n<p>PPR:<br \/>\n<a href=\"https:\/\/v-tower.vereinsflieger.de\/zsbzkgcp\"><img loading=\"lazy\" decoding=\"async\" class=\"alignnone wp-image-12436 size-thumbnail\" src=\"https:\/\/www.mlv-thannhausen.de\/wp-content\/uploads\/V-Tower-QR-150x150.jpg\" alt=\"https:\/\/v-tower.vereinsflieger.de\/zsbzkgcp\" width=\"150\" height=\"150\" srcset=\"https:\/\/www.mlv-thannhausen.de\/wp-content\/uploads\/V-Tower-QR-150x150.jpg 150w, https:\/\/www.mlv-thannhausen.de\/wp-content\/uploads\/V-Tower-QR-144x144.jpg 144w, https:\/\/www.mlv-thannhausen.de\/wp-content\/uploads\/V-Tower-QR.jpg 300w\" sizes=\"auto, (max-width: 150px) 100vw, 150px\" \/><\/a><br \/>\nV-Tower <a href=\"https:\/\/v-tower.vereinsflieger.de\/zsbzkgcp\" target=\"_blank\" rel=\"noopener\">https:\/\/v-tower.vereinsflieger.de\/zsbzkgcp<\/a><br \/>\nTelefon: 08281 4564<br \/>\nMail: <a href=\"mailto:info@mlv-thannhausen.de\">info@mlv-thannhausen.de<\/a><\/p>\n<p><a href=\"http:\/\/wetter.mlv-thannhausen.de\" target=\"_blank\" rel=\"noopener\">MLV Wetterstation<\/a><\/p>\n<p>Videos:<br \/>\nStart in Richtung 25<br \/>\n<iframe loading=\"lazy\" src=\"https:\/\/www.youtube.com\/embed\/oArUnJuiTKw\" width=\"420\" height=\"315\" frameborder=\"0\" allowfullscreen=\"allowfullscreen\"><\/iframe><\/p>\n<p>Landung auf die 07<br \/>\n<iframe loading=\"lazy\" src=\"https:\/\/www.youtube.com\/embed\/cVZ63au09fU\" width=\"420\" height=\"315\" frameborder=\"0\" allowfullscreen=\"allowfullscreen\"><\/iframe><\/p>\n<p>Landung auf die 25<br \/>\n<iframe loading=\"lazy\" src=\"https:\/\/www.youtube.com\/embed\/3XNC73KL_AU\" width=\"420\" height=\"315\" frameborder=\"0\" allowfullscreen=\"allowfullscreen\"><\/iframe><\/p>\n","protected":false},"excerpt":{"rendered":"<p>Frequenz: 118,180 MHz AIP VFR Thannhausen EDNU Landedebahndetails: 500 x 30 m, GRAS RWY 07, TKOF 500 m, LDG 500 m RWY 25, TKOF 750 m, LDG 500 m &nbsp; S\u00fcdlich der Bahn, innerhalb der Segelflug-Platzrunde, befindet sich das Fluggel\u00e4nde <a class=\"more-link\" href=\"https:\/\/www.mlv-thannhausen.de\/?page_id=89\">weiterlesen&#8230;<\/a><\/p>\n","protected":false},"author":312,"featured_media":0,"parent":91,"menu_order":0,"comment_status":"closed","ping_status":"closed","template":"","meta":{"ngg_post_thumbnail":0,"footnotes":""},"class_list":["post-89","page","type-page","status-publish","hentry"],"_links":{"self":[{"href":"https:\/\/www.mlv-thannhausen.de\/index.php?rest_route=\/wp\/v2\/pages\/89","targetHints":{"allow":["GET"]}}],"collection":[{"href":"https:\/\/www.mlv-thannhausen.de\/index.php?rest_route=\/wp\/v2\/pages"}],"about":[{"href":"https:\/\/www.mlv-thannhausen.de\/index.php?rest_route=\/wp\/v2\/types\/page"}],"author":[{"embeddable":true,"href":"https:\/\/www.mlv-thannhausen.de\/index.php?rest_route=\/wp\/v2\/users\/312"}],"replies":[{"embeddable":true,"href":"https:\/\/www.mlv-thannhausen.de\/index.php?rest_route=%2Fwp%2Fv2%2Fcomments&post=89"}],"version-history":[{"count":53,"href":"https:\/\/www.mlv-thannhausen.de\/index.php?rest_route=\/wp\/v2\/pages\/89\/revisions"}],"predecessor-version":[{"id":12826,"href":"https:\/\/www.mlv-thannhausen.de\/index.php?rest_route=\/wp\/v2\/pages\/89\/revisions\/12826"}],"up":[{"embeddable":true,"href":"https:\/\/www.mlv-thannhausen.de\/index.php?rest_route=\/wp\/v2\/pages\/91"}],"wp:attachment":[{"href":"https:\/\/www.mlv-thannhausen.de\/index.php?rest_route=%2Fwp%2Fv2%2Fmedia&parent=89"}],"curies":[{"name":"wp","href":"https:\/\/api.w.org\/{rel}","templated":true}]}}