{"id":90,"date":"2009-08-22T16:06:22","date_gmt":"2009-08-22T14:06:22","guid":{"rendered":"http:\/\/www.mlv-thannhausen.de\/?page_id=90"},"modified":"2016-01-07T01:22:20","modified_gmt":"2016-01-06T23:22:20","slug":"flugplatzrestaurant","status":"publish","type":"page","link":"https:\/\/www.mlv-thannhausen.de\/?page_id=90","title":{"rendered":"Flugplatzrestaurant"},"content":{"rendered":"<p style=\"text-align: justify;\">Unser Vereinsgastst\u00e4tte mitsamt seiner gro\u00dfen Terrasse bietet neben gem\u00fctlichen Sitzm\u00f6glichkeiten einen wunderbaren Ausblick auf den Flugbetrieb. Neben den Bier und Getr\u00e4nkespezialit\u00e4ten der Postbr\u00e4u und K\u00f6nig Ludwig Brauerei bieten verschiedener Eissorten die n\u00f6tige Erfrischung an hei\u00dfen Sommertagen. F\u00fcr das leibliche Wohl steht ein wechselndes Angebot an Brotzeiten von unserem fliegenden Metzgermeister Gerhard Leberl zur Verf\u00fcgung. Zum Kaffee gibt es eine kleine Auswahl an selbstgebackenen Kuchen und Torten.<\/p>\n<p style=\"text-align: center;\"><a class=\"highslide\" href=\"http:\/\/www.mlv-thannhausen.de\/wp-content\/uploads\/Club-Terasse.jpg\"><img loading=\"lazy\" decoding=\"async\" class=\"size-full wp-image-126 aligncenter\" title=\"Club Terasse\" src=\"http:\/\/www.mlv-thannhausen.de\/wp-content\/uploads\/Club-Terasse.jpg\" alt=\"Club Terasse\" width=\"227\" height=\"151\" \/><\/a><\/p>\n<p style=\"text-align: justify;\"><span style=\"text-decoration: underline;\">\u00d6ffnungszeiten:<\/span><br \/>\nBei gutem Wetter in der Regel an allen Samstagen und Sonntagen, sowie an Feiertagen von ca. 10 bis 18 Uhr.<\/p>\n","protected":false},"excerpt":{"rendered":"<p>Unser Vereinsgastst\u00e4tte mitsamt seiner gro\u00dfen Terrasse bietet neben gem\u00fctlichen Sitzm\u00f6glichkeiten einen wunderbaren Ausblick auf den Flugbetrieb. Neben den Bier und Getr\u00e4nkespezialit\u00e4ten der Postbr\u00e4u und K\u00f6nig Ludwig Brauerei bieten verschiedener Eissorten die n\u00f6tige Erfrischung an hei\u00dfen Sommertagen. F\u00fcr das leibliche Wohl <a class=\"more-link\" href=\"https:\/\/www.mlv-thannhausen.de\/?page_id=90\">weiterlesen&#8230;<\/a><\/p>\n","protected":false},"author":312,"featured_media":0,"parent":91,"menu_order":0,"comment_status":"closed","ping_status":"closed","template":"","meta":{"ngg_post_thumbnail":0,"footnotes":""},"class_list":["post-90","page","type-page","status-publish","hentry"],"_links":{"self":[{"href":"https:\/\/www.mlv-thannhausen.de\/index.php?rest_route=\/wp\/v2\/pages\/90","targetHints":{"allow":["GET"]}}],"collection":[{"href":"https:\/\/www.mlv-thannhausen.de\/index.php?rest_route=\/wp\/v2\/pages"}],"about":[{"href":"https:\/\/www.mlv-thannhausen.de\/index.php?rest_route=\/wp\/v2\/types\/page"}],"author":[{"embeddable":true,"href":"https:\/\/www.mlv-thannhausen.de\/index.php?rest_route=\/wp\/v2\/users\/312"}],"replies":[{"embeddable":true,"href":"https:\/\/www.mlv-thannhausen.de\/index.php?rest_route=%2Fwp%2Fv2%2Fcomments&post=90"}],"version-history":[{"count":15,"href":"https:\/\/www.mlv-thannhausen.de\/index.php?rest_route=\/wp\/v2\/pages\/90\/revisions"}],"predecessor-version":[{"id":7033,"href":"https:\/\/www.mlv-thannhausen.de\/index.php?rest_route=\/wp\/v2\/pages\/90\/revisions\/7033"}],"up":[{"embeddable":true,"href":"https:\/\/www.mlv-thannhausen.de\/index.php?rest_route=\/wp\/v2\/pages\/91"}],"wp:attachment":[{"href":"https:\/\/www.mlv-thannhausen.de\/index.php?rest_route=%2Fwp%2Fv2%2Fmedia&parent=90"}],"curies":[{"name":"wp","href":"https:\/\/api.w.org\/{rel}","templated":true}]}}