{"id":9084,"date":"2016-11-19T13:45:47","date_gmt":"2016-11-19T11:45:47","guid":{"rendered":"http:\/\/www.mlv-thannhausen.de\/?page_id=9084"},"modified":"2024-08-29T23:33:35","modified_gmt":"2024-08-29T21:33:35","slug":"fluglager","status":"publish","type":"page","link":"https:\/\/www.mlv-thannhausen.de\/?page_id=9084","title":{"rendered":"Fluglager"},"content":{"rendered":"<p>Der MLV bietet Gastvereinen gerne die M\u00f6glichkeit uns am Flugplatz Thannhausen f\u00fcr ein Fluglager zu besuchen.<br \/>\n<a href=\"http:\/\/www.mlv-thannhausen.de\/wp-content\/uploads\/landebahn.jpg\"><img loading=\"lazy\" decoding=\"async\" class=\"size-medium wp-image-99 alignright\" src=\"http:\/\/www.mlv-thannhausen.de\/wp-content\/uploads\/landebahn-300x198.jpg\" alt=\"landebahn\" width=\"300\" height=\"198\" srcset=\"https:\/\/www.mlv-thannhausen.de\/wp-content\/uploads\/landebahn-300x198.jpg 300w, https:\/\/www.mlv-thannhausen.de\/wp-content\/uploads\/landebahn.jpg 800w\" sizes=\"auto, (max-width: 300px) 100vw, 300px\" \/><\/a><\/p>\n<p style=\"text-align: justify;\">Thannhausen liegt ca. 35 km westlich von Augsburg. Der Flugplatz selbst ist traumhaft eingebettet zwischen zahlreichen Badeseen. Dort befindet sich auch ein 2009 errichteter Wakepark, der mittlerweile zu den beliebtesten und bekanntesten Wassersportpl\u00e4tzen in ganz Deutschland z\u00e4hlt.<br \/>\nDie Zulassung als Sonderlandeplatz umfasst dabei neben Segelflugzeugen auch den Betrieb von UL, Helikopter und E-Klasse Maschinen. Im Rahmen des Fluglagers k\u00f6nnt ihr nat\u00fcrlich unsere Infrastruktur einschlie\u00dflich unserer Doppeltrommelwinde nutzen. In Startrichtung 26 k\u00f6nnen ca. 1100m Seil ausgelegt werden, bei Ostwind (Startrichtung 08) ist die Schleppstrecke k\u00fcrzer.<\/p>\n<p>Hier noch ein Auszug aus den Infos zum Fluglager:<\/p>\n<p style=\"text-align: justify;\">Die offizielle <strong>Bahnl\u00e4nge<\/strong> betr\u00e4gt zwar nur 500 m, in Richtung 26 k\u00f6nnen f\u00fcr F-Schlepps und Motorfl\u00fcge aber ca. 750m Startstrecke genutzt werden.<\/p>\n<p><strong>Windenbetrieb<\/strong>: Tost Doppeltrommelwinde, 230 PS (Opel Diplomat) mit Stahlseilen.<br \/>\nMeist k\u00f6nnen wir in Richtung 26 starten, hierbei ist die Schleppstrecke etwa 1100 m lang. Die Winde steht in einem Feld in Verl\u00e4ngerung zur Bahn. Ausklinkh\u00f6hen liegen je nach Wind und Segelflugzeug zwischen etwa 300 m und bis zu 450 m. Bei Ostwind ist die Schleppstrecke k\u00fcrzer und die Ausklinkh\u00f6he niedriger. F\u00fcr die Wochenenden sind Windenfahrer des MLV eingeteilt, nach einer Einweisung k\u00f6nnen auch Windenfahrer des Gastvereins unsere Winde bedienen. Das Gleiche gilt f\u00fcr Buggies und die Flugleitung.<\/p>\n<p style=\"text-align: justify;\"><strong>F-Schlepp<\/strong>: Je nach Verf\u00fcgbarkeit der Schlepppiloten sind F-Schlepps mit einer FK9 ELA m\u00f6glich. F-Schlepp-Betrieb mit einem Schleppflugzeug des Gastvereins ist erlaubt.<\/p>\n<h2 style=\"text-align: justify;\">Kosten<\/h2>\n<p style=\"text-align: justify;\">(Stand 2020)<\/p>\n<ul>\n<li style=\"text-align: left;\">Camping (pro Person, pro Tag): 8 \u20ac<\/li>\n<li style=\"text-align: left;\">Gruppen-Pauschale f\u00fcr die Nutzung unserer Infrastruktur: 30 \u20ac\/Tag f\u00fcr Gruppen bis 10 Personen, ab der 11. Person zus\u00e4tzlich je 3 \u20ac pro Teilnehmer. In der Pauschale ist alles weitere enthalten, was f\u00fcr ein Fluglager n\u00f6tig ist, also die Nutzung unseres Vereinsheim inkl. der K\u00fcche, Strom, Wasser, WCs, Internetzugang per WLAN, PC, s\u00e4mtliche Landegeb\u00fchren f\u00fcr Segel- und Motorflugzeuge und auch die Nutzung der Buggies, sowie Hallenpl\u00e4tze soweit verf\u00fcgbar<\/li>\n<li style=\"text-align: left;\">Windenstart: 7,50 \u20ac f\u00fcr Scheininhaber; 7,00 \u20ac f\u00fcr Flugsch\u00fcler<\/li>\n<li style=\"text-align: left;\">F-Schlepp: &nbsp;UL (FK9 ELA): 2,60 \u20ac\/Minute; DR401: 6,00 \u20ac\/Minute<\/li>\n<\/ul>\n<h2 style=\"text-align: justify;\">Vereinsheim und Infrastruktur<\/h2>\n<ul style=\"text-align: justify;\">\n<li style=\"text-align: left;\">Vereinsheim: Strom, Wasser, WLAN\/Internet, PC, WCs, 2 Duschen, Werkstatt, K\u00fcche sind vorhanden und k\u00f6nnen genutzt werden.&nbsp;<\/li>\n<li style=\"text-align: left;\">Hallenpl\u00e4tze f\u00fcr Gastflugzeuge k\u00f6nnen wir nur in beschr\u00e4nktem Umfang und nach Absprache anbieten.<\/li>\n<li style=\"text-align: left;\">Getr\u00e4nke (Wasser, Limo, Bier) k\u00f6nnen in der Vereins-Gastst\u00e4tte gekauft werden. Soweit darauf geachtet wird, kann das auch per Strichliste am Ende abgerechnet werden.<\/li>\n<li style=\"text-align: left;\">Essen: Selbstversorgung; in Thannhausen gibt es Einkaufsm\u00f6glichkeiten, Superm\u00e4rkte usw. Nat\u00fcrlich k\u00f6nnt ihr zum Kochen unsere K\u00fcche im Vereinsheim nutzen.&nbsp;<\/li>\n<\/ul>\n<h2 style=\"text-align: justify;\">Freizeitm\u00f6glichkeiten in der Umgebung<\/h2>\n<ul style=\"text-align: justify;\">\n<li style=\"text-align: left;\">Mehre Badeseen im Bereich des Flugplatzes<\/li>\n<li style=\"text-align: left;\">Wakeboardanlage Turncable direkt auf der anderen Stra\u00dfenseite. Die 2009 errichtete Anlage ist mittlerweile international bekannt und eine&nbsp; der sch\u00f6nsten Wasserski- und Wakeboardanlagen Deutschlands. Neben drei Liften und vielen Obstacles gibt es dort auch Gastrobetrieb und \u00dcbernachtungsm\u00f6glichkeiten. <a href=\"http:\/\/www.turncable.de\/\">http:\/\/www.turncable.de\/<\/a><\/li>\n<li style=\"text-align: left;\">Naturfreibad Thannhausen, 1.4 km, <a href=\"http:\/\/www.vg-thannhausen.de\/index.php?id=136,48\">http:\/\/www.vg-thannhausen.de\/index.php?id=136,48<\/a><\/li>\n<li style=\"text-align: left;\">Hallenbad Thannhausen, 3 km, <a href=\"http:\/\/www.vg-thannhausen.de\/index.php?id=134,48\">http:\/\/www.vg-thannhausen.de\/index.php?id=134,48<\/a><\/li>\n<li style=\"text-align: left;\">Heimatmuseum im Tuchmacherhaus, Thannhausen, 3 km, <a href=\"http:\/\/www.tuchmacherhaus.de\">http:\/\/www.tuchmacherhaus.de<\/a><\/li>\n<li style=\"text-align: left;\">Webereimuseum, Ziemetshausen, 7 km, <a href=\"http:\/\/www.webereimuseum-ziemetshausen.de\/\">http:\/\/www.webereimuseum-ziemetshausen.de\/<\/a><\/li>\n<li style=\"text-align: left;\">Legoland Deutschland, G\u00fcnzburg, 24 km, <a href=\"http:\/\/www.legoland.de\/\">http:\/\/www.legoland.de\/<\/a><\/li>\n<li style=\"text-align: left;\">Therme Bad W\u00f6rishofen, 38km, <a href=\"http:\/\/www.therme-badwoerishofen.de\/\">http:\/\/www.therme-badwoerishofen.de\/<\/a><\/li>\n<li style=\"text-align: left;\">Allg\u00e4u Skyline Park, Bad W\u00f6rishofen, 35 km, <a href=\"http:\/\/www.skylinepark.de\/\">http:\/\/www.skylinepark.de\/<\/a><\/li>\n<li style=\"text-align: left;\">Deutsches Museum: Flugwerft Schlei\u00dfheim, 115 km, <a href=\"http:\/\/www.deutsches-museum.de\/flugwerft\/\">http:\/\/www.deutsches-museum.de\/flugwerft\/<\/a><\/li>\n<li style=\"text-align: left;\">Indoor-Kartbahn: Neu Ulm, 45 km, <a href=\"http:\/\/www.ecodrom.de\/de\/\">http:\/\/www.ecodrom.de\/de\/<\/a><\/li>\n<li style=\"text-align: left;\">Lasertag: Neu-Ulm, 45 km, <a href=\"https:\/\/www.lasertag-neu-ulm.de\">https:\/\/www.lasertag-neu-ulm.de<\/a>; Augsburg, 48 km, <a href=\"http:\/\/lasertag-tension.de\">http:\/\/lasertag-tension.de<\/a>; K\u00f6nigsbrunn, 44 km, <a href=\"http:\/\/www.spirit-lasertag.de\/\">http:\/\/www.spirit-lasertag.de\/<\/a><\/li>\n<li style=\"text-align: left;\">Paintball G\u00fcnzburg, 29 km, <a href=\"http:\/\/www.paintball-guenzburg.de\">www.paintball-guenzburg.de<\/a><\/li>\n<\/ul>\n<h2 style=\"text-align: justify;\">\u00dcbernachtungsm\u00f6glichkeiten<\/h2>\n<p style=\"text-align: justify;\">Camping direkt am Platz ist m\u00f6glich. Daf\u00fcr lassen wir ein St\u00fcck Wiese m\u00e4hen um Platz f\u00fcr Zelte\/Wohnw\u00e4gen zu haben. Im Vereinsheim selbst gibt es leider keine \u00dcbernachtungsm\u00f6glichkeiten. In unmittelbarer N\u00e4he zum Flugplatz sind weitere \u00dcbernachtungsm\u00f6glichkeiten in Gasth\u00f6fen, Hotels, Pensionen oder eben direkt gegen\u00fcber in der Wakeboardanlage vorhanden:<\/p>\n<ul style=\"text-align: justify;\">\n<li style=\"text-align: left;\">Wakeboardanlage Turncable, (Edelstetter Str. 38, 86470 Thannhausen), <a href=\"http:\/\/www.turncable.de\">http:\/\/www.turncable.de<\/a><br \/>\nDie Wakeboardanlage liegt direkt auf der anderen Stra\u00dfenseite des Flugplatz, also ideal. Neben Campen, k\u00f6nnen auch Lodges (max. 4 Personen) oder Zimmer (auch einzelne Betten) gemietet werden.<\/li>\n<li style=\"text-align: left;\">Hotels in Thannhausen: <a href=\"http:\/\/www.hotel-barbarahof.de\/startseite.php\" target=\"_blank\" rel=\"noopener noreferrer\">Barbarahof<\/a> und <a href=\"https:\/\/www.sonnenhof-thannhausen.de\/ueber-den-sonnenhof\/restaurant-sonnenhof\" target=\"_blank\" rel=\"noopener noreferrer\">Sonnenhof.<\/a><\/li>\n<li style=\"text-align: left;\">Im nahegelegenen Ursberg: Klosterbr\u00e4uhaus Ursberg (<a href=\"http:\/\/www.klosterbraeuhaus.de\/\">http:\/\/www.klosterbraeuhaus.de\/<\/a>) Man kann dort auch sehr gut essen.<\/li>\n<li style=\"text-align: left;\">Hotel Munding (Augsburger Str. 40, 86381 Krumbach), Tel: 08282 4462, <a href=\"http:\/\/www.munding.de\/\">http:\/\/www.munding.de\/<\/a><\/li>\n<li style=\"text-align: left;\">Hotel Falk (Heinrich-Sinz-Str. 4, 86381 Krumbach), Tel: 08282 2011, <a href=\"http:\/\/www.falk-krumbach.de\/\">http:\/\/www.falk-krumbach.de\/<\/a><\/li>\n<li style=\"text-align: left;\">Hotel Diem (Kirchenstr. 5, Krumbach), Tel: 08282 88820, <a href=\"http:\/\/www.gasthof-diem.de\/\">http:\/\/www.gasthof-diem.de\/<\/a><\/li>\n<li style=\"text-align: left;\">Gasthof Adler (Oettingen-Wallersteinstr. 19, 86473 Ziemetshausen), Tel: 08284 99794-0, <a href=\"http:\/\/www.adler-ziemetshausen.de\">www.adler-ziemetshausen.de<\/a><\/li>\n<\/ul>\n<p style=\"text-align: justify;\">&nbsp;<\/p>\n<h2>Mehr Infos und Ansprechpartner bzgl. Fluglager<\/h2>\n<p>Thomas Kraus<a href=\"http:\/\/www.mlv-thannhausen.de\/wp-content\/uploads\/DSC00614.jpg\"><img loading=\"lazy\" decoding=\"async\" class=\"alignright wp-image-3710 size-thumbnail\" src=\"http:\/\/www.mlv-thannhausen.de\/wp-content\/uploads\/DSC00614-150x150.jpg\" alt=\"DSC00614\" width=\"150\" height=\"150\" srcset=\"https:\/\/www.mlv-thannhausen.de\/wp-content\/uploads\/DSC00614-150x150.jpg 150w, https:\/\/www.mlv-thannhausen.de\/wp-content\/uploads\/DSC00614-144x144.jpg 144w\" sizes=\"auto, (max-width: 150px) 100vw, 150px\" \/><br \/>\n<\/a>Abteilungsleiter Segelflug<\/p>\n<p>Mail: &nbsp;&nbsp;&nbsp;&nbsp; <a href=\"mailto:thomas@mlv-thannhausen.de\">thomas@mlv-thannhausen.de<\/a><br \/>\nMobil: &nbsp; +49 (0)176 61101866<\/p>\n<h2>&nbsp;<\/h2>\n","protected":false},"excerpt":{"rendered":"<p>Der MLV bietet Gastvereinen gerne die M\u00f6glichkeit uns am Flugplatz Thannhausen f\u00fcr ein Fluglager zu besuchen. Thannhausen liegt ca. 35 km westlich von Augsburg. Der Flugplatz selbst ist traumhaft eingebettet zwischen zahlreichen Badeseen. Dort befindet sich auch ein 2009 errichteter <a class=\"more-link\" href=\"https:\/\/www.mlv-thannhausen.de\/?page_id=9084\">weiterlesen&#8230;<\/a><\/p>\n","protected":false},"author":94,"featured_media":0,"parent":0,"menu_order":0,"comment_status":"closed","ping_status":"closed","template":"","meta":{"ngg_post_thumbnail":0,"footnotes":""},"class_list":["post-9084","page","type-page","status-publish","hentry"],"_links":{"self":[{"href":"https:\/\/www.mlv-thannhausen.de\/index.php?rest_route=\/wp\/v2\/pages\/9084","targetHints":{"allow":["GET"]}}],"collection":[{"href":"https:\/\/www.mlv-thannhausen.de\/index.php?rest_route=\/wp\/v2\/pages"}],"about":[{"href":"https:\/\/www.mlv-thannhausen.de\/index.php?rest_route=\/wp\/v2\/types\/page"}],"author":[{"embeddable":true,"href":"https:\/\/www.mlv-thannhausen.de\/index.php?rest_route=\/wp\/v2\/users\/94"}],"replies":[{"embeddable":true,"href":"https:\/\/www.mlv-thannhausen.de\/index.php?rest_route=%2Fwp%2Fv2%2Fcomments&post=9084"}],"version-history":[{"count":14,"href":"https:\/\/www.mlv-thannhausen.de\/index.php?rest_route=\/wp\/v2\/pages\/9084\/revisions"}],"predecessor-version":[{"id":12333,"href":"https:\/\/www.mlv-thannhausen.de\/index.php?rest_route=\/wp\/v2\/pages\/9084\/revisions\/12333"}],"wp:attachment":[{"href":"https:\/\/www.mlv-thannhausen.de\/index.php?rest_route=%2Fwp%2Fv2%2Fmedia&parent=9084"}],"curies":[{"name":"wp","href":"https:\/\/api.w.org\/{rel}","templated":true}]}}