{"id":91,"date":"2009-08-22T16:05:21","date_gmt":"2009-08-22T14:05:21","guid":{"rendered":"http:\/\/www.mlv-thannhausen.de\/?page_id=91"},"modified":"2015-09-24T11:21:32","modified_gmt":"2015-09-24T09:21:32","slug":"fly-swim","status":"publish","type":"page","link":"https:\/\/www.mlv-thannhausen.de\/?page_id=91","title":{"rendered":"Fly &#038; Swim"},"content":{"rendered":"<p style=\"text-align: justify;\">Der Flugplatz Thannhausen liegt traumhaft zwischen zahlreichen Badeseen. Seit August 2009 befindet sich auch eine der gr\u00f6\u00dften Wasserski- und Wakeboardanlagen Deutschlands direkt neben dem Flugplatz.<\/p>\n<p style=\"text-align: center;\"><a class=\"highslide\" style=\"text-decoration: none;\" href=\"http:\/\/www.mlv-thannhausen.de\/wp-content\/uploads\/landebahn.jpg\"><img loading=\"lazy\" decoding=\"async\" class=\"size-medium wp-image-99 aligncenter\" title=\"landebahn\" src=\"http:\/\/www.mlv-thannhausen.de\/wp-content\/uploads\/landebahn-300x198.jpg\" alt=\"landebahn\" width=\"300\" height=\"198\" srcset=\"https:\/\/www.mlv-thannhausen.de\/wp-content\/uploads\/landebahn-300x198.jpg 300w, https:\/\/www.mlv-thannhausen.de\/wp-content\/uploads\/landebahn.jpg 800w\" sizes=\"auto, (max-width: 300px) 100vw, 300px\" \/><\/a><\/p>\n<p style=\"text-align: justify;\">Zahlreiche Fliegerfreunde aus dem S\u00fcddeutschen Raum nutzen die M\u00f6glichkeit fast direkt aus dem Flugzeug in den Badesee zu springen.\u00a0Die Mutigeren k\u00f6nnen es ja auch mal mit einer Runde auf dem Wakeboard probieren. Mehr Infos dazu: <a href=\"http:\/\/www.turncable.de\" target=\"_blank\">www.turncable.de<\/a><\/p>\n<p style=\"text-align: justify;\">Wenn ihr nach Thannhausen fliegt d\u00fcrft ihr also keinesfalls die Badehose vergessen.<\/p>\n","protected":false},"excerpt":{"rendered":"<p>Der Flugplatz Thannhausen liegt traumhaft zwischen zahlreichen Badeseen. Seit August 2009 befindet sich auch eine der gr\u00f6\u00dften Wasserski- und Wakeboardanlagen Deutschlands direkt neben dem Flugplatz. Zahlreiche Fliegerfreunde aus dem S\u00fcddeutschen Raum nutzen die M\u00f6glichkeit fast direkt aus dem Flugzeug in <a class=\"more-link\" href=\"https:\/\/www.mlv-thannhausen.de\/?page_id=91\">weiterlesen&#8230;<\/a><\/p>\n","protected":false},"author":312,"featured_media":0,"parent":0,"menu_order":0,"comment_status":"closed","ping_status":"closed","template":"","meta":{"ngg_post_thumbnail":0,"footnotes":""},"class_list":["post-91","page","type-page","status-publish","hentry"],"_links":{"self":[{"href":"https:\/\/www.mlv-thannhausen.de\/index.php?rest_route=\/wp\/v2\/pages\/91","targetHints":{"allow":["GET"]}}],"collection":[{"href":"https:\/\/www.mlv-thannhausen.de\/index.php?rest_route=\/wp\/v2\/pages"}],"about":[{"href":"https:\/\/www.mlv-thannhausen.de\/index.php?rest_route=\/wp\/v2\/types\/page"}],"author":[{"embeddable":true,"href":"https:\/\/www.mlv-thannhausen.de\/index.php?rest_route=\/wp\/v2\/users\/312"}],"replies":[{"embeddable":true,"href":"https:\/\/www.mlv-thannhausen.de\/index.php?rest_route=%2Fwp%2Fv2%2Fcomments&post=91"}],"version-history":[{"count":10,"href":"https:\/\/www.mlv-thannhausen.de\/index.php?rest_route=\/wp\/v2\/pages\/91\/revisions"}],"predecessor-version":[{"id":7031,"href":"https:\/\/www.mlv-thannhausen.de\/index.php?rest_route=\/wp\/v2\/pages\/91\/revisions\/7031"}],"wp:attachment":[{"href":"https:\/\/www.mlv-thannhausen.de\/index.php?rest_route=%2Fwp%2Fv2%2Fmedia&parent=91"}],"curies":[{"name":"wp","href":"https:\/\/api.w.org\/{rel}","templated":true}]}}